{"id":39678,"date":"2023-11-10T22:08:24","date_gmt":"2023-11-10T21:08:24","guid":{"rendered":"https:\/\/leitertec.com\/produkt\/leitertec-systeem-32-mm\/"},"modified":"2023-11-10T22:08:24","modified_gmt":"2023-11-10T21:08:24","slug":"leitertec-systeem-32-mm","status":"publish","type":"product","link":"https:\/\/leitertec.com\/nl\/produkt\/leitertec-systeem-32-mm\/","title":{"rendered":"Leitertec Systeem 32 mm"},"content":{"rendered":"<h3><strong>Deze set bevat het <\/strong><strong><em>Leitertec Systeem 32 mm<\/em><\/strong><\/h3>\n<p>Het is geschikt voor het namonteren op alle telescoopladders met ronde stijlen (binnendiameter 32 mm) en veerdrukknopen.<\/p>\n<h4><strong>Het Leitertec Systeem:<\/strong><\/h4>\n<p>Het<em><strong> Leitertec Systeem<\/strong><\/em> bestaat uit twee armen, twee splitpennen en twee vacu\u00fcmzuigers (zie afbeeldingen).<\/p>\n<p>Armen en vacu\u00fcmzuigers bestaan grotendeels uit hoogwaardig aluminium, waardoor maximale stabiliteit ook bij hoge belasting gegarandeerd is.<\/p>\n<p>Met behulp van de splitpennen bevestig je de vacu\u00fcmzuigers aan de armen. Daarna verwijder je de afdekdoppen van de telescoopladder en steek je het <em><strong>Leitertec Systeem<\/strong><\/em> in de ontstane openingen (binnendiameter 28 mm). Door de aanwezige veerdrukknopen wordt het <em><strong>Leitertec Systeem<\/strong><\/em> automatisch en veilig in de telescoopladder vergrendeld. De telescoopladder is nu klaar voor gebruik.   <\/p>\n<p>Het volledige montageproces is ook voor onervaren gebruikers in zeer korte tijd uit te voeren.<\/p>\n<p>De vacu\u00fcmzuigers garanderen een veilige en slipvrije plaatsing op de meeste gladde en vlakke oppervlakken zoals bijvoorbeeld glasruiten, autoplaat, enz.<\/p>\n<p>Het<strong><em> Leitertec Systeem<\/em><\/strong> is geschikt voor het namonteren op alle telescoopladders met ronde stijlen (binnendiameter 32 mm) en veerdrukknopen. Het kan ook rechtstreeks bij Leitertec in verschillende sets met uiteenlopende samenstellingen worden besteld. <\/p>\n<p><strong>Voordelen:<\/strong><\/p>\n<ul>\n<li>De vergroting van het contactoppervlak op de aanlegpunten van de telescoopladder (vacu\u00fcmzuigers) ontziet het aanlegoppervlak doordat de aanlegdruk mechanisch over een groter oppervlak wordt verdeeld.<\/li>\n<li>Door het rubberen oppervlak van de vacu\u00fcmzuigers is er al een sterke bescherming tegen wegglijden, nog voordat het vacu\u00fcm bij de vacu\u00fcmzuigers wordt gecre\u00eberd.<\/li>\n<li>Voor ruwe oppervlakken, zoals bijv. huisgevels, kunnen passende viltkussentjes voor het <strong><em>Leitertec Systeem<\/em><\/strong> uit het assortiment worden besteld. Daarmee wordt het toepassingsgebied van het totaalsysteem aanzienlijk uitgebreid. <\/li>\n<li>Door de hoek van de armen vergroot de afstand van de telescoopladder tot het aanlegoppervlak aanzienlijk, zodat bijv. bij het laden van een dakkoffer krassen in de lak of deuken beter kunnen worden vermeden.<\/li>\n<\/ul>\n<h4><strong>De tas:<\/strong><\/h4>\n<p>De <strong>tas<\/strong> is de ideale oplossing om het <em><strong>Leitertec Systeem<\/strong><\/em> ruimtebesparend en overzichtelijk op te bergen.<\/p>\n<p>Hij is in vele vakken onderverdeeld, zodat de stangen, de vacu\u00fcmzuigers, de splitpennen, de viltkussentjes en ook de gebruiksaanwijzing hun plek hebben. Er blijft zelfs nog ruimte over voor andere dingen, zoals bijv. de afdekdoppen van de telescoopladder. <\/p>\n<p>Door het bovenaan aangebrachte handvat laat de tas zich gemakkelijk dragen.<\/p>\n<p>De afmetingen van de tas zijn zo berekend dat hij in de onderste sport van de telescoopladder past. Daar wordt hij met 8 klittenbanden aan de stijlen en sporten bevestigd. Wil je de tas tijdens het gebruik van de telescoopladder hieraan laten zitten, dan kun je de klittenbanden op de bovenste twee na openen, zodat de onderste sport mee kan worden gebruikt omdat de tas dan bij het betreden van de sport naar achteren wegklapt (of door de aanleghoek al naar achteren hangt).  <\/p>\n<p>Door de praktische ritssluiting laat de tas zich probleemloos openen en sluiten terwijl hij aan de telescoopladder is gemonteerd.<\/p>\n<p>Het <em><strong>Leitertec Systeem<\/strong><\/em> kan ook in gemonteerde toestand veilig in de tas worden opgeborgen, zodat het niet na elk gebruik gedemonteerd hoeft te worden.<\/p>\n<p>Door de eersteklas verwerking van zeer hoogwaardige materialen is de tas zeer robuust en duurzaam.<\/p>\n<h4><strong>De viltkussentjes:<\/strong><\/h4>\n<p>De hier aangeboden <strong>viltkussentjes<\/strong> zijn een uitbreiding voor het <em><strong>Leitertec Systeem<\/strong><\/em>.<\/p>\n<p>De viltkussentjes bestaan aan de ene kant uit kunststof en aan de andere kant uit vilt.<\/p>\n<p>De viltzijde ontziet de ondergrond door zijn zachte consistentie. Bij ruwe aanlegoppervlakken biedt het viltoppervlak bescherming tegen wegglijden. <\/p>\n<p>De oplegvlakken van de rubberen opleggers zijn door de viltkussentjes iets vergroot. De rubberen oppervlakken zijn daarmee beschermd. Mogelijke drukvlekken op gevoelige oppervlakken zijn daarmee geminimaliseerd.  <\/p>\n<p>De zuignappen van het <em><strong>Leitertec Systeem<\/strong><\/em> zuigen de viltkussentjes aan en zijn daarmee in enkele seconden gemonteerd.<\/p>\n<p>Een vervanging van sterk versleten viltkussentjes is heel eenvoudig mogelijk.<\/p>\n","protected":false},"excerpt":{"rendered":"<p>Het Leitertec Systeem maakt het aanzuigen van de telescoopladder aan gladde oppervlakken mogelijk en door het viltkussentje worden ook ruwe oppervlakken ontzien.<\/p>\n","protected":false},"featured_media":39682,"comment_status":"open","ping_status":"closed","template":"","meta":{"_monsterinsights_skip_tracking":false,"_monsterinsights_sitenote_active":false,"_monsterinsights_sitenote_note":"","_monsterinsights_sitenote_category":0},"product_brand":[],"product_cat":[166],"product_tag":[],"class_list":{"0":"post-39678","1":"product","2":"type-product","3":"status-publish","4":"has-post-thumbnail","6":"product_cat-sets","7":"product_shipping_class-3-kg","9":"first","10":"instock","11":"taxable","12":"shipping-taxable","13":"purchasable","14":"product-type-simple"},"yoast_head":"<!-- This site is optimized with the Yoast SEO plugin v27.4 - https:\/\/yoast.com\/product\/yoast-seo-wordpress\/ -->\n<title>Leitertec Systeem 32 mm - Leitertec<\/title>\n<meta name=\"robots\" content=\"index, follow, max-snippet:-1, max-image-preview:large, max-video-preview:-1\" \/>\n<link rel=\"canonical\" href=\"https:\/\/leitertec.com\/nl\/produkt\/leitertec-systeem-32-mm\/\" \/>\n<meta property=\"og:locale\" content=\"nl_NL\" \/>\n<meta property=\"og:type\" content=\"article\" \/>\n<meta property=\"og:title\" content=\"Leitertec Systeem 32 mm - Leitertec\" \/>\n<meta property=\"og:description\" content=\"Het Leitertec Systeem maakt het aanzuigen van de telescoopladder aan gladde oppervlakken mogelijk en door het viltkussentje worden ook ruwe oppervlakken ontzien.\" \/>\n<meta property=\"og:url\" content=\"https:\/\/leitertec.com\/nl\/produkt\/leitertec-systeem-32-mm\/\" \/>\n<meta property=\"og:site_name\" content=\"Leitertec\" \/>\n<meta property=\"og:image\" content=\"https:\/\/leitertec.com\/wp-content\/uploads\/2020\/11\/32.jpg\" \/>\n\t<meta property=\"og:image:width\" content=\"1145\" \/>\n\t<meta property=\"og:image:height\" content=\"1448\" \/>\n\t<meta property=\"og:image:type\" content=\"image\/jpeg\" \/>\n<meta name=\"twitter:card\" content=\"summary_large_image\" \/>\n<meta name=\"twitter:label1\" content=\"Geschatte leestijd\" \/>\n\t<meta name=\"twitter:data1\" content=\"3 minuten\" \/>\n<script type=\"application\/ld+json\" class=\"yoast-schema-graph\">{\"@context\":\"https:\\\/\\\/schema.org\",\"@graph\":[{\"@type\":\"WebPage\",\"@id\":\"https:\\\/\\\/leitertec.com\\\/nl\\\/produkt\\\/leitertec-systeem-32-mm\\\/\",\"url\":\"https:\\\/\\\/leitertec.com\\\/nl\\\/produkt\\\/leitertec-systeem-32-mm\\\/\",\"name\":\"Leitertec Systeem 32 mm - Leitertec\",\"isPartOf\":{\"@id\":\"https:\\\/\\\/leitertec.com\\\/nl\\\/#website\"},\"primaryImageOfPage\":{\"@id\":\"https:\\\/\\\/leitertec.com\\\/nl\\\/produkt\\\/leitertec-systeem-32-mm\\\/#primaryimage\"},\"image\":{\"@id\":\"https:\\\/\\\/leitertec.com\\\/nl\\\/produkt\\\/leitertec-systeem-32-mm\\\/#primaryimage\"},\"thumbnailUrl\":\"https:\\\/\\\/leitertec.com\\\/wp-content\\\/uploads\\\/2020\\\/11\\\/32.jpg\",\"datePublished\":\"2023-11-10T21:08:24+00:00\",\"breadcrumb\":{\"@id\":\"https:\\\/\\\/leitertec.com\\\/nl\\\/produkt\\\/leitertec-systeem-32-mm\\\/#breadcrumb\"},\"inLanguage\":\"nl-NL\",\"potentialAction\":[{\"@type\":\"ReadAction\",\"target\":[\"https:\\\/\\\/leitertec.com\\\/nl\\\/produkt\\\/leitertec-systeem-32-mm\\\/\"]}]},{\"@type\":\"ImageObject\",\"inLanguage\":\"nl-NL\",\"@id\":\"https:\\\/\\\/leitertec.com\\\/nl\\\/produkt\\\/leitertec-systeem-32-mm\\\/#primaryimage\",\"url\":\"https:\\\/\\\/leitertec.com\\\/wp-content\\\/uploads\\\/2020\\\/11\\\/32.jpg\",\"contentUrl\":\"https:\\\/\\\/leitertec.com\\\/wp-content\\\/uploads\\\/2020\\\/11\\\/32.jpg\",\"width\":1145,\"height\":1448},{\"@type\":\"BreadcrumbList\",\"@id\":\"https:\\\/\\\/leitertec.com\\\/nl\\\/produkt\\\/leitertec-systeem-32-mm\\\/#breadcrumb\",\"itemListElement\":[{\"@type\":\"ListItem\",\"position\":1,\"name\":\"Startseite\",\"item\":\"https:\\\/\\\/leitertec.com\\\/nl\\\/home\\\/\"},{\"@type\":\"ListItem\",\"position\":2,\"name\":\"Shop\",\"item\":\"https:\\\/\\\/leitertec.com\\\/nl\\\/shop\\\/\"},{\"@type\":\"ListItem\",\"position\":3,\"name\":\"Leitertec Systeem 32 mm\"}]},{\"@type\":\"WebSite\",\"@id\":\"https:\\\/\\\/leitertec.com\\\/nl\\\/#website\",\"url\":\"https:\\\/\\\/leitertec.com\\\/nl\\\/\",\"name\":\"Leitertec\",\"description\":\"\",\"potentialAction\":[{\"@type\":\"SearchAction\",\"target\":{\"@type\":\"EntryPoint\",\"urlTemplate\":\"https:\\\/\\\/leitertec.com\\\/nl\\\/?s={search_term_string}\"},\"query-input\":{\"@type\":\"PropertyValueSpecification\",\"valueRequired\":true,\"valueName\":\"search_term_string\"}}],\"inLanguage\":\"nl-NL\"}]}<\/script>\n<!-- \/ Yoast SEO plugin. -->","yoast_head_json":{"title":"Leitertec Systeem 32 mm - Leitertec","robots":{"index":"index","follow":"follow","max-snippet":"max-snippet:-1","max-image-preview":"max-image-preview:large","max-video-preview":"max-video-preview:-1"},"canonical":"https:\/\/leitertec.com\/nl\/produkt\/leitertec-systeem-32-mm\/","og_locale":"nl_NL","og_type":"article","og_title":"Leitertec Systeem 32 mm - Leitertec","og_description":"Het Leitertec Systeem maakt het aanzuigen van de telescoopladder aan gladde oppervlakken mogelijk en door het viltkussentje worden ook ruwe oppervlakken ontzien.","og_url":"https:\/\/leitertec.com\/nl\/produkt\/leitertec-systeem-32-mm\/","og_site_name":"Leitertec","og_image":[{"width":1145,"height":1448,"url":"https:\/\/leitertec.com\/wp-content\/uploads\/2020\/11\/32.jpg","type":"image\/jpeg"}],"twitter_card":"summary_large_image","twitter_misc":{"Geschatte leestijd":"3 minuten"},"schema":{"@context":"https:\/\/schema.org","@graph":[{"@type":"WebPage","@id":"https:\/\/leitertec.com\/nl\/produkt\/leitertec-systeem-32-mm\/","url":"https:\/\/leitertec.com\/nl\/produkt\/leitertec-systeem-32-mm\/","name":"Leitertec Systeem 32 mm - Leitertec","isPartOf":{"@id":"https:\/\/leitertec.com\/nl\/#website"},"primaryImageOfPage":{"@id":"https:\/\/leitertec.com\/nl\/produkt\/leitertec-systeem-32-mm\/#primaryimage"},"image":{"@id":"https:\/\/leitertec.com\/nl\/produkt\/leitertec-systeem-32-mm\/#primaryimage"},"thumbnailUrl":"https:\/\/leitertec.com\/wp-content\/uploads\/2020\/11\/32.jpg","datePublished":"2023-11-10T21:08:24+00:00","breadcrumb":{"@id":"https:\/\/leitertec.com\/nl\/produkt\/leitertec-systeem-32-mm\/#breadcrumb"},"inLanguage":"nl-NL","potentialAction":[{"@type":"ReadAction","target":["https:\/\/leitertec.com\/nl\/produkt\/leitertec-systeem-32-mm\/"]}]},{"@type":"ImageObject","inLanguage":"nl-NL","@id":"https:\/\/leitertec.com\/nl\/produkt\/leitertec-systeem-32-mm\/#primaryimage","url":"https:\/\/leitertec.com\/wp-content\/uploads\/2020\/11\/32.jpg","contentUrl":"https:\/\/leitertec.com\/wp-content\/uploads\/2020\/11\/32.jpg","width":1145,"height":1448},{"@type":"BreadcrumbList","@id":"https:\/\/leitertec.com\/nl\/produkt\/leitertec-systeem-32-mm\/#breadcrumb","itemListElement":[{"@type":"ListItem","position":1,"name":"Startseite","item":"https:\/\/leitertec.com\/nl\/home\/"},{"@type":"ListItem","position":2,"name":"Shop","item":"https:\/\/leitertec.com\/nl\/shop\/"},{"@type":"ListItem","position":3,"name":"Leitertec Systeem 32 mm"}]},{"@type":"WebSite","@id":"https:\/\/leitertec.com\/nl\/#website","url":"https:\/\/leitertec.com\/nl\/","name":"Leitertec","description":"","potentialAction":[{"@type":"SearchAction","target":{"@type":"EntryPoint","urlTemplate":"https:\/\/leitertec.com\/nl\/?s={search_term_string}"},"query-input":{"@type":"PropertyValueSpecification","valueRequired":true,"valueName":"search_term_string"}}],"inLanguage":"nl-NL"}]}},"jetpack_sharing_enabled":true,"_links":{"self":[{"href":"https:\/\/leitertec.com\/nl\/wp-json\/wp\/v2\/product\/39678","targetHints":{"allow":["GET"]}}],"collection":[{"href":"https:\/\/leitertec.com\/nl\/wp-json\/wp\/v2\/product"}],"about":[{"href":"https:\/\/leitertec.com\/nl\/wp-json\/wp\/v2\/types\/product"}],"replies":[{"embeddable":true,"href":"https:\/\/leitertec.com\/nl\/wp-json\/wp\/v2\/comments?post=39678"}],"wp:featuredmedia":[{"embeddable":true,"href":"https:\/\/leitertec.com\/nl\/wp-json\/wp\/v2\/media\/39682"}],"wp:attachment":[{"href":"https:\/\/leitertec.com\/nl\/wp-json\/wp\/v2\/media?parent=39678"}],"wp:term":[{"taxonomy":"product_brand","embeddable":true,"href":"https:\/\/leitertec.com\/nl\/wp-json\/wp\/v2\/product_brand?post=39678"},{"taxonomy":"product_cat","embeddable":true,"href":"https:\/\/leitertec.com\/nl\/wp-json\/wp\/v2\/product_cat?post=39678"},{"taxonomy":"product_tag","embeddable":true,"href":"https:\/\/leitertec.com\/nl\/wp-json\/wp\/v2\/product_tag?post=39678"}],"curies":[{"name":"wp","href":"https:\/\/api.w.org\/{rel}","templated":true}]}}