{"id":35571,"date":"2020-11-13T16:08:02","date_gmt":"2020-11-13T15:08:02","guid":{"rendered":"https:\/\/leitertec.com\/produkt\/tampons-de-feutre-pour-leitertec-system\/"},"modified":"2026-02-12T21:42:06","modified_gmt":"2026-02-12T20:42:06","slug":"tampons-de-feutre-pour-leitertec-system","status":"publish","type":"product","link":"https:\/\/leitertec.com\/fr\/produkt\/tampons-de-feutre-pour-leitertec-system\/","title":{"rendered":"Tampons de feutre pour Leitertec System"},"content":{"rendered":"<p>Les <strong>patins en feutre<\/strong> propos\u00e9s ici sont une extension du syst\u00e8me <em><strong>Syst\u00e8me Leitertec<\/strong><\/em>.<\/p>\n<p>Les patins en feutre sont compos\u00e9s d&rsquo;un c\u00f4t\u00e9 de plastique et de l&rsquo;autre de feutre.<\/p>\n<p>La face en feutre prot\u00e8ge le support gr\u00e2ce \u00e0 sa consistance souple. Sur les surfaces rugueuses, la surface en feutre prot\u00e8ge contre les glissements. <\/p>\n<p>Les surfaces d&rsquo;appui des patins en caoutchouc sont l\u00e9g\u00e8rement agrandies par les patins en feutre. Les surfaces en caoutchouc sont ainsi prot\u00e9g\u00e9es. Les points de pression potentiels sur les surfaces sensibles sont ainsi minimis\u00e9s.  <\/p>\n<p>Les ventouses du <em><strong>Syst\u00e8me Leitertec<\/strong><\/em> aspirent les tampons de feutre et sont donc install\u00e9es en quelques secondes.<\/p>\n<p>Il est tr\u00e8s facile de remplacer les patins en feutre tr\u00e8s us\u00e9s.<\/p>\n","protected":false},"excerpt":{"rendered":"<p>Les patins en feutre peuvent \u00eatre aspir\u00e9s sur le syst\u00e8me Leitertec et prot\u00e8gent la surface d&rsquo;appui gr\u00e2ce \u00e0 leur face en feutre souple.<\/p>\n","protected":false},"featured_media":35575,"comment_status":"open","ping_status":"closed","template":"","meta":{"_monsterinsights_skip_tracking":false,"_monsterinsights_sitenote_active":false,"_monsterinsights_sitenote_note":"","_monsterinsights_sitenote_category":0},"product_brand":[],"product_cat":[133],"product_tag":[],"class_list":{"0":"post-35571","1":"product","2":"type-product","3":"status-publish","4":"has-post-thumbnail","6":"product_cat-accessoires","7":"product_shipping_class-1-kg-fr","9":"first","10":"instock","11":"taxable","12":"shipping-taxable","13":"purchasable","14":"product-type-simple"},"yoast_head":"<!-- This site is optimized with the Yoast SEO plugin v27.3 - https:\/\/yoast.com\/product\/yoast-seo-wordpress\/ -->\n<title>Tampons de feutre pour Leitertec System - Leitertec<\/title>\n<meta name=\"description\" content=\"Les patins en feutre peuvent \u00eatre aspir\u00e9s sur le syst\u00e8me Leitertec et prot\u00e8gent la surface d&#039;appui gr\u00e2ce \u00e0 leur face en feutre souple.\" \/>\n<meta name=\"robots\" content=\"index, follow, max-snippet:-1, max-image-preview:large, max-video-preview:-1\" \/>\n<link rel=\"canonical\" href=\"https:\/\/leitertec.com\/fr\/produkt\/tampons-de-feutre-pour-leitertec-system\/\" \/>\n<meta property=\"og:locale\" content=\"fr_FR\" \/>\n<meta property=\"og:type\" content=\"article\" \/>\n<meta property=\"og:title\" content=\"Tampons de feutre pour Leitertec System - Leitertec\" \/>\n<meta property=\"og:description\" content=\"Les patins en feutre peuvent \u00eatre aspir\u00e9s sur le syst\u00e8me Leitertec et prot\u00e8gent la surface d&#039;appui gr\u00e2ce \u00e0 leur face en feutre souple.\" \/>\n<meta property=\"og:url\" content=\"https:\/\/leitertec.com\/fr\/produkt\/tampons-de-feutre-pour-leitertec-system\/\" \/>\n<meta property=\"og:site_name\" content=\"Leitertec\" \/>\n<meta property=\"article:modified_time\" content=\"2026-02-12T20:42:06+00:00\" \/>\n<meta property=\"og:image\" content=\"https:\/\/leitertec.com\/wp-content\/uploads\/2020\/11\/Filz.jpg\" \/>\n\t<meta property=\"og:image:width\" content=\"750\" \/>\n\t<meta property=\"og:image:height\" content=\"946\" \/>\n\t<meta property=\"og:image:type\" content=\"image\/jpeg\" \/>\n<meta name=\"twitter:card\" content=\"summary_large_image\" \/>\n<meta name=\"twitter:label1\" content=\"Dur\u00e9e de lecture estim\u00e9e\" \/>\n\t<meta name=\"twitter:data1\" content=\"1 minute\" \/>\n<script type=\"application\/ld+json\" class=\"yoast-schema-graph\">{\"@context\":\"https:\\\/\\\/schema.org\",\"@graph\":[{\"@type\":\"WebPage\",\"@id\":\"https:\\\/\\\/leitertec.com\\\/fr\\\/produkt\\\/tampons-de-feutre-pour-leitertec-system\\\/\",\"url\":\"https:\\\/\\\/leitertec.com\\\/fr\\\/produkt\\\/tampons-de-feutre-pour-leitertec-system\\\/\",\"name\":\"Tampons de feutre pour Leitertec System - Leitertec\",\"isPartOf\":{\"@id\":\"https:\\\/\\\/leitertec.com\\\/fr\\\/#website\"},\"primaryImageOfPage\":{\"@id\":\"https:\\\/\\\/leitertec.com\\\/fr\\\/produkt\\\/tampons-de-feutre-pour-leitertec-system\\\/#primaryimage\"},\"image\":{\"@id\":\"https:\\\/\\\/leitertec.com\\\/fr\\\/produkt\\\/tampons-de-feutre-pour-leitertec-system\\\/#primaryimage\"},\"thumbnailUrl\":\"https:\\\/\\\/leitertec.com\\\/wp-content\\\/uploads\\\/2020\\\/11\\\/Filz.jpg\",\"datePublished\":\"2020-11-13T15:08:02+00:00\",\"dateModified\":\"2026-02-12T20:42:06+00:00\",\"description\":\"Les patins en feutre peuvent \u00eatre aspir\u00e9s sur le syst\u00e8me Leitertec et prot\u00e8gent la surface d'appui gr\u00e2ce \u00e0 leur face en feutre souple.\",\"breadcrumb\":{\"@id\":\"https:\\\/\\\/leitertec.com\\\/fr\\\/produkt\\\/tampons-de-feutre-pour-leitertec-system\\\/#breadcrumb\"},\"inLanguage\":\"fr-FR\",\"potentialAction\":[{\"@type\":\"ReadAction\",\"target\":[\"https:\\\/\\\/leitertec.com\\\/fr\\\/produkt\\\/tampons-de-feutre-pour-leitertec-system\\\/\"]}]},{\"@type\":\"ImageObject\",\"inLanguage\":\"fr-FR\",\"@id\":\"https:\\\/\\\/leitertec.com\\\/fr\\\/produkt\\\/tampons-de-feutre-pour-leitertec-system\\\/#primaryimage\",\"url\":\"https:\\\/\\\/leitertec.com\\\/wp-content\\\/uploads\\\/2020\\\/11\\\/Filz.jpg\",\"contentUrl\":\"https:\\\/\\\/leitertec.com\\\/wp-content\\\/uploads\\\/2020\\\/11\\\/Filz.jpg\",\"width\":750,\"height\":946},{\"@type\":\"BreadcrumbList\",\"@id\":\"https:\\\/\\\/leitertec.com\\\/fr\\\/produkt\\\/tampons-de-feutre-pour-leitertec-system\\\/#breadcrumb\",\"itemListElement\":[{\"@type\":\"ListItem\",\"position\":1,\"name\":\"Startseite\",\"item\":\"https:\\\/\\\/leitertec.com\\\/fr\\\/page-daccueil\\\/\"},{\"@type\":\"ListItem\",\"position\":2,\"name\":\"Boutique\",\"item\":\"https:\\\/\\\/leitertec.com\\\/fr\\\/boutique\\\/\"},{\"@type\":\"ListItem\",\"position\":3,\"name\":\"Tampons de feutre pour Leitertec System\"}]},{\"@type\":\"WebSite\",\"@id\":\"https:\\\/\\\/leitertec.com\\\/fr\\\/#website\",\"url\":\"https:\\\/\\\/leitertec.com\\\/fr\\\/\",\"name\":\"Leitertec\",\"description\":\"\",\"potentialAction\":[{\"@type\":\"SearchAction\",\"target\":{\"@type\":\"EntryPoint\",\"urlTemplate\":\"https:\\\/\\\/leitertec.com\\\/fr\\\/?s={search_term_string}\"},\"query-input\":{\"@type\":\"PropertyValueSpecification\",\"valueRequired\":true,\"valueName\":\"search_term_string\"}}],\"inLanguage\":\"fr-FR\"}]}<\/script>\n<!-- \/ Yoast SEO plugin. -->","yoast_head_json":{"title":"Tampons de feutre pour Leitertec System - Leitertec","description":"Les patins en feutre peuvent \u00eatre aspir\u00e9s sur le syst\u00e8me Leitertec et prot\u00e8gent la surface d'appui gr\u00e2ce \u00e0 leur face en feutre souple.","robots":{"index":"index","follow":"follow","max-snippet":"max-snippet:-1","max-image-preview":"max-image-preview:large","max-video-preview":"max-video-preview:-1"},"canonical":"https:\/\/leitertec.com\/fr\/produkt\/tampons-de-feutre-pour-leitertec-system\/","og_locale":"fr_FR","og_type":"article","og_title":"Tampons de feutre pour Leitertec System - Leitertec","og_description":"Les patins en feutre peuvent \u00eatre aspir\u00e9s sur le syst\u00e8me Leitertec et prot\u00e8gent la surface d'appui gr\u00e2ce \u00e0 leur face en feutre souple.","og_url":"https:\/\/leitertec.com\/fr\/produkt\/tampons-de-feutre-pour-leitertec-system\/","og_site_name":"Leitertec","article_modified_time":"2026-02-12T20:42:06+00:00","og_image":[{"width":750,"height":946,"url":"https:\/\/leitertec.com\/wp-content\/uploads\/2020\/11\/Filz.jpg","type":"image\/jpeg"}],"twitter_card":"summary_large_image","twitter_misc":{"Dur\u00e9e de lecture estim\u00e9e":"1 minute"},"schema":{"@context":"https:\/\/schema.org","@graph":[{"@type":"WebPage","@id":"https:\/\/leitertec.com\/fr\/produkt\/tampons-de-feutre-pour-leitertec-system\/","url":"https:\/\/leitertec.com\/fr\/produkt\/tampons-de-feutre-pour-leitertec-system\/","name":"Tampons de feutre pour Leitertec System - Leitertec","isPartOf":{"@id":"https:\/\/leitertec.com\/fr\/#website"},"primaryImageOfPage":{"@id":"https:\/\/leitertec.com\/fr\/produkt\/tampons-de-feutre-pour-leitertec-system\/#primaryimage"},"image":{"@id":"https:\/\/leitertec.com\/fr\/produkt\/tampons-de-feutre-pour-leitertec-system\/#primaryimage"},"thumbnailUrl":"https:\/\/leitertec.com\/wp-content\/uploads\/2020\/11\/Filz.jpg","datePublished":"2020-11-13T15:08:02+00:00","dateModified":"2026-02-12T20:42:06+00:00","description":"Les patins en feutre peuvent \u00eatre aspir\u00e9s sur le syst\u00e8me Leitertec et prot\u00e8gent la surface d'appui gr\u00e2ce \u00e0 leur face en feutre souple.","breadcrumb":{"@id":"https:\/\/leitertec.com\/fr\/produkt\/tampons-de-feutre-pour-leitertec-system\/#breadcrumb"},"inLanguage":"fr-FR","potentialAction":[{"@type":"ReadAction","target":["https:\/\/leitertec.com\/fr\/produkt\/tampons-de-feutre-pour-leitertec-system\/"]}]},{"@type":"ImageObject","inLanguage":"fr-FR","@id":"https:\/\/leitertec.com\/fr\/produkt\/tampons-de-feutre-pour-leitertec-system\/#primaryimage","url":"https:\/\/leitertec.com\/wp-content\/uploads\/2020\/11\/Filz.jpg","contentUrl":"https:\/\/leitertec.com\/wp-content\/uploads\/2020\/11\/Filz.jpg","width":750,"height":946},{"@type":"BreadcrumbList","@id":"https:\/\/leitertec.com\/fr\/produkt\/tampons-de-feutre-pour-leitertec-system\/#breadcrumb","itemListElement":[{"@type":"ListItem","position":1,"name":"Startseite","item":"https:\/\/leitertec.com\/fr\/page-daccueil\/"},{"@type":"ListItem","position":2,"name":"Boutique","item":"https:\/\/leitertec.com\/fr\/boutique\/"},{"@type":"ListItem","position":3,"name":"Tampons de feutre pour Leitertec System"}]},{"@type":"WebSite","@id":"https:\/\/leitertec.com\/fr\/#website","url":"https:\/\/leitertec.com\/fr\/","name":"Leitertec","description":"","potentialAction":[{"@type":"SearchAction","target":{"@type":"EntryPoint","urlTemplate":"https:\/\/leitertec.com\/fr\/?s={search_term_string}"},"query-input":{"@type":"PropertyValueSpecification","valueRequired":true,"valueName":"search_term_string"}}],"inLanguage":"fr-FR"}]}},"jetpack_sharing_enabled":true,"_links":{"self":[{"href":"https:\/\/leitertec.com\/fr\/wp-json\/wp\/v2\/product\/35571","targetHints":{"allow":["GET"]}}],"collection":[{"href":"https:\/\/leitertec.com\/fr\/wp-json\/wp\/v2\/product"}],"about":[{"href":"https:\/\/leitertec.com\/fr\/wp-json\/wp\/v2\/types\/product"}],"replies":[{"embeddable":true,"href":"https:\/\/leitertec.com\/fr\/wp-json\/wp\/v2\/comments?post=35571"}],"wp:featuredmedia":[{"embeddable":true,"href":"https:\/\/leitertec.com\/fr\/wp-json\/wp\/v2\/media\/35575"}],"wp:attachment":[{"href":"https:\/\/leitertec.com\/fr\/wp-json\/wp\/v2\/media?parent=35571"}],"wp:term":[{"taxonomy":"product_brand","embeddable":true,"href":"https:\/\/leitertec.com\/fr\/wp-json\/wp\/v2\/product_brand?post=35571"},{"taxonomy":"product_cat","embeddable":true,"href":"https:\/\/leitertec.com\/fr\/wp-json\/wp\/v2\/product_cat?post=35571"},{"taxonomy":"product_tag","embeddable":true,"href":"https:\/\/leitertec.com\/fr\/wp-json\/wp\/v2\/product_tag?post=35571"}],"curies":[{"name":"wp","href":"https:\/\/api.w.org\/{rel}","templated":true}]}}