{"id":35520,"date":"2023-11-10T22:05:12","date_gmt":"2023-11-10T21:05:12","guid":{"rendered":"https:\/\/leitertec.com\/produkt\/echelle-telescopique-de-38-m-systeme-leitertec-inclus\/"},"modified":"2026-04-18T10:29:40","modified_gmt":"2026-04-18T08:29:40","slug":"echelle-telescopique-de-38-m-systeme-leitertec-inclus","status":"publish","type":"product","link":"https:\/\/leitertec.com\/fr\/produkt\/echelle-telescopique-de-38-m-systeme-leitertec-inclus\/","title":{"rendered":"Echelle t\u00e9lescopique de 3,8 m, syst\u00e8me Leitertec inclus"},"content":{"rendered":"<p style=\"font-weight: 400;\">Elle est enfin arriv\u00e9e, la nouvelle \u00e9chelle t\u00e9lescopique Leitertec ! Avec son nouveau design, sa qualit\u00e9 encore plus \u00e9lev\u00e9e et son g\u00e9nie habituel, elle attend vos aventures. <\/p>\n<p style=\"font-weight: 400;\">Que ce soit sur le camping-car, sur le mur de la maison ou sur les fen\u00eatres et les fa\u00e7ades vitr\u00e9es : L&rsquo;\u00e9chelle t\u00e9lescopique Leitertec est parfaitement adapt\u00e9e \u00e0 toutes les surfaces d&rsquo;appui.<\/p>\n<p style=\"font-weight: 400;\">Nous vous garantissons les fonctionnalit\u00e9s suivantes :<\/p>\n<ul>\n<li>Compacte et mobile :<br \/>\nLe principal avantage et utilit\u00e9 des \u00e9chelles t\u00e9lescopiques est leur petite taille lors du transport. Une \u00e9chelle de 3,8 m se transforme en un paquet d&rsquo;\u00e0 peine 90 cm de haut qui se glisse facilement sous le si\u00e8ge de la voiture, \u00e0 c\u00f4t\u00e9 de l&rsquo;\u00e9tabli ou dans l&rsquo;\u00e9tag\u00e8re du jardin.<br \/>\nLa poign\u00e9e de transport permet de porter l&rsquo;\u00e9chelle confortablement et l&rsquo;ensemble du syst\u00e8me Leitertec se glisse exactement entre les deux premi\u00e8res marches gr\u00e2ce au sac sp\u00e9cialement con\u00e7u \u00e0 cet effet.  Il ne prend donc pas de place suppl\u00e9mentaire !<\/li>\n<li>Flexibilit\u00e9 maximale<br \/>\n<span style=\"color: #555555; font-size: 14.4px;\">Les surfaces qui sont le point faible des \u00e9chelles traditionnelles, \u00e0 savoir la peinture, le verre ou d&rsquo;autres surfaces lisses, sont pr\u00e9cis\u00e9ment les points forts du syst\u00e8me Leitertec ! Gr\u00e2ce au caoutchouc souple, les surfaces d&rsquo;appui sont prot\u00e9g\u00e9es au mieux, ce qui \u00e9vite les rayures. De plus, la s\u00e9curit\u00e9 est consid\u00e9rablement accrue gr\u00e2ce \u00e0 l&rsquo;aspiration et l&rsquo;\u00e9chelle mobile est d\u00e9sormais une \u00e9chelle fixe.<br \/>\n<\/span><span style=\"color: #555555; font-size: 14.4px;\">Mais m\u00eame pour les surfaces rugueuses qui sont sensibles, comme le cr\u00e9pi, le papier peint ou la t\u00f4le martel\u00e9e, nous proposons une solution : les patins en feutre peuvent \u00eatre facilement aspir\u00e9s si n\u00e9cessaire et prot\u00e8gent la surface d&rsquo;appui. Gr\u00e2ce \u00e0 la surface d&rsquo;appui agrandie, l&rsquo;\u00e9chelle est beaucoup plus stable que sans. <\/span><\/li>\n<li>Lib\u00e9r\u00e9 pour les professionnels et les particuliers<strong><br \/>\n<\/strong><span style=\"color: #555555; font-size: 14.4px;\">Nous souhaitons offrir \u00e0 chaque client une qualit\u00e9 maximale. C&rsquo;est pourquoi notre \u00e9chelle a \u00e9t\u00e9 test\u00e9e par un institut de contr\u00f4le ind\u00e9pendant selon la norme EN 131-6 (norme europ\u00e9enne pour les \u00e9chelles t\u00e9lescopiques) et a pass\u00e9 avec succ\u00e8s les tests pour un usage professionnel et priv\u00e9. Vous achetez donc un produit dont vous pourrez profiter tr\u00e8s longtemps s&rsquo;il est correctement entretenu !  <\/span><\/li>\n<li>Montage et d\u00e9montage sans outil en quelques secondes<br \/>\nLe syst\u00e8me Leitertec s&rsquo;ins\u00e8re intuitivement et sans outil en quelques secondes en haut de l&rsquo;\u00e9chelle. Si vous souhaitez toutefois utiliser l&rsquo;\u00e9chelle sans le syst\u00e8me Leitertec, vous pouvez d\u00e9monter le syst\u00e8me tr\u00e8s facilement en le tirant vers le haut et en le tournant vers l&rsquo;ext\u00e9rieur et utiliser l&rsquo;\u00e9chelle comme une \u00e9chelle t\u00e9lescopique \u00ab\u00a0normale\u00a0\u00bb. <\/li>\n<li>Un support client direct et honn\u00eate<br \/>\n<span style=\"color: #555555; font-size: 14.4px;\">Nous avons d\u00e9j\u00e0 r\u00e9pondu \u00e0 certaines questions dans notre <a href=\"http:\/\/www.leitertec.com\/faq\">FAQ<\/a>, mais nous sommes toujours l\u00e0 pour vous aider si vous avez d&rsquo;autres questions. N&rsquo;h\u00e9sitez pas \u00e0 nous contacter, nous vous promettons un support honn\u00eate et de qualit\u00e9. <\/span><\/li>\n<li>Livraison gratuite<\/li>\n<li>Un design attrayant<br \/>\n<span style=\"color: #555555; font-size: 14.4px;\">Lorsque vous achetez notre syst\u00e8me, pr\u00e9parez-vous \u00e0 \u00eatre interpell\u00e9 par les autres ! Le rev\u00eatement en poudre noir de haute qualit\u00e9 de l&rsquo;\u00e9chelle et du syst\u00e8me Leitertec, associ\u00e9 aux ventouses rouges, s&rsquo;harmonisent parfaitement et se distinguent visuellement des autres \u00e9chelles. Les bras de liaison ne sont pas en plastique bon march\u00e9, mais enti\u00e8rement en aluminium. D\u00e8s le premier contact, vous pourrez donc litt\u00e9ralement sentir la qualit\u00e9.<br \/>\n<\/span><span style=\"color: #555555; font-size: 14.4px;\">Les indicateurs de couleur rouge\/vert sur chaque marche permettent de v\u00e9rifier facilement que les marches sont correctement enclench\u00e9es.<\/span><\/li>\n<li>Contr\u00f4le qualit\u00e9<br \/>\n<span style=\"color: #555555; font-size: 14.4px;\">Chaque conducteur est inspect\u00e9 visuellement et soumis \u00e0 un test de fonctionnement avant d&rsquo;\u00eatre exp\u00e9di\u00e9. Nous minimisons ainsi la possibilit\u00e9 d&rsquo;exp\u00e9dier des produits d\u00e9fectueux. <\/span><\/li>\n<li>Une grande capacit\u00e9 de charge pour un faible poids :<br \/>\n<span style=\"color: #555555; font-size: 14.4px;\">Malgr\u00e9 son faible poids de 15,2 kg, l&rsquo;\u00e9chelle peut supporter jusqu&rsquo;\u00e0 150 kg !<\/span><\/li>\n<\/ul>\n","protected":false},"excerpt":{"rendered":"<p>Le syst\u00e8me Leitertec permet d&rsquo;aspirer l&rsquo;\u00e9chelle t\u00e9lescopique sur des surfaces lisses et gr\u00e2ce au patin en feutre, les surfaces rugueuses sont \u00e9galement pr\u00e9serv\u00e9es.<\/p>\n","protected":false},"featured_media":35522,"comment_status":"open","ping_status":"closed","template":"","meta":{"_monsterinsights_skip_tracking":false,"_monsterinsights_sitenote_active":false,"_monsterinsights_sitenote_note":"","_monsterinsights_sitenote_category":0},"product_brand":[],"product_cat":[129],"product_tag":[],"class_list":{"0":"post-35520","1":"product","2":"type-product","3":"status-publish","4":"has-post-thumbnail","6":"product_cat-sets-fr","7":"product_shipping_class-20-kg-fr","9":"first","10":"instock","11":"taxable","12":"shipping-taxable","13":"purchasable","14":"product-type-variable","15":"has-default-attributes"},"yoast_head":"<!-- This site is optimized with the Yoast SEO plugin v27.5 - https:\/\/yoast.com\/product\/yoast-seo-wordpress\/ -->\n<title>Echelle t\u00e9lescopique de 3,8 m, syst\u00e8me Leitertec inclus - Leitertec<\/title>\n<meta name=\"robots\" content=\"index, follow, max-snippet:-1, max-image-preview:large, max-video-preview:-1\" \/>\n<link rel=\"canonical\" href=\"https:\/\/leitertec.com\/fr\/produkt\/echelle-telescopique-de-38-m-systeme-leitertec-inclus\/\" \/>\n<meta property=\"og:locale\" content=\"fr_FR\" \/>\n<meta property=\"og:type\" content=\"article\" \/>\n<meta property=\"og:title\" content=\"Echelle t\u00e9lescopique de 3,8 m, syst\u00e8me Leitertec inclus - Leitertec\" \/>\n<meta property=\"og:description\" content=\"Le syst\u00e8me Leitertec permet d&#039;aspirer l&#039;\u00e9chelle t\u00e9lescopique sur des surfaces lisses et gr\u00e2ce au patin en feutre, les surfaces rugueuses sont \u00e9galement pr\u00e9serv\u00e9es.\" \/>\n<meta property=\"og:url\" content=\"https:\/\/leitertec.com\/fr\/produkt\/echelle-telescopique-de-38-m-systeme-leitertec-inclus\/\" \/>\n<meta property=\"og:site_name\" content=\"Leitertec\" \/>\n<meta property=\"article:modified_time\" content=\"2026-04-18T08:29:40+00:00\" \/>\n<meta property=\"og:image\" content=\"https:\/\/leitertec.com\/wp-content\/uploads\/2023\/11\/38.jpg\" \/>\n\t<meta property=\"og:image:width\" content=\"1151\" \/>\n\t<meta property=\"og:image:height\" content=\"1442\" \/>\n\t<meta property=\"og:image:type\" content=\"image\/jpeg\" \/>\n<meta name=\"twitter:card\" content=\"summary_large_image\" \/>\n<meta name=\"twitter:label1\" content=\"Dur\u00e9e de lecture estim\u00e9e\" \/>\n\t<meta name=\"twitter:data1\" content=\"3 minutes\" \/>\n<script type=\"application\/ld+json\" class=\"yoast-schema-graph\">{\"@context\":\"https:\\\/\\\/schema.org\",\"@graph\":[{\"@type\":\"WebPage\",\"@id\":\"https:\\\/\\\/leitertec.com\\\/fr\\\/produkt\\\/echelle-telescopique-de-38-m-systeme-leitertec-inclus\\\/\",\"url\":\"https:\\\/\\\/leitertec.com\\\/fr\\\/produkt\\\/echelle-telescopique-de-38-m-systeme-leitertec-inclus\\\/\",\"name\":\"Echelle t\u00e9lescopique de 3,8 m, syst\u00e8me Leitertec inclus - Leitertec\",\"isPartOf\":{\"@id\":\"https:\\\/\\\/leitertec.com\\\/fr\\\/#website\"},\"primaryImageOfPage\":{\"@id\":\"https:\\\/\\\/leitertec.com\\\/fr\\\/produkt\\\/echelle-telescopique-de-38-m-systeme-leitertec-inclus\\\/#primaryimage\"},\"image\":{\"@id\":\"https:\\\/\\\/leitertec.com\\\/fr\\\/produkt\\\/echelle-telescopique-de-38-m-systeme-leitertec-inclus\\\/#primaryimage\"},\"thumbnailUrl\":\"https:\\\/\\\/leitertec.com\\\/wp-content\\\/uploads\\\/2023\\\/11\\\/38.jpg\",\"datePublished\":\"2023-11-10T21:05:12+00:00\",\"dateModified\":\"2026-04-18T08:29:40+00:00\",\"breadcrumb\":{\"@id\":\"https:\\\/\\\/leitertec.com\\\/fr\\\/produkt\\\/echelle-telescopique-de-38-m-systeme-leitertec-inclus\\\/#breadcrumb\"},\"inLanguage\":\"fr-FR\",\"potentialAction\":[{\"@type\":\"ReadAction\",\"target\":[\"https:\\\/\\\/leitertec.com\\\/fr\\\/produkt\\\/echelle-telescopique-de-38-m-systeme-leitertec-inclus\\\/\"]}]},{\"@type\":\"ImageObject\",\"inLanguage\":\"fr-FR\",\"@id\":\"https:\\\/\\\/leitertec.com\\\/fr\\\/produkt\\\/echelle-telescopique-de-38-m-systeme-leitertec-inclus\\\/#primaryimage\",\"url\":\"https:\\\/\\\/leitertec.com\\\/wp-content\\\/uploads\\\/2023\\\/11\\\/38.jpg\",\"contentUrl\":\"https:\\\/\\\/leitertec.com\\\/wp-content\\\/uploads\\\/2023\\\/11\\\/38.jpg\",\"width\":1151,\"height\":1442},{\"@type\":\"BreadcrumbList\",\"@id\":\"https:\\\/\\\/leitertec.com\\\/fr\\\/produkt\\\/echelle-telescopique-de-38-m-systeme-leitertec-inclus\\\/#breadcrumb\",\"itemListElement\":[{\"@type\":\"ListItem\",\"position\":1,\"name\":\"Startseite\",\"item\":\"https:\\\/\\\/leitertec.com\\\/fr\\\/page-daccueil\\\/\"},{\"@type\":\"ListItem\",\"position\":2,\"name\":\"Boutique\",\"item\":\"https:\\\/\\\/leitertec.com\\\/fr\\\/boutique\\\/\"},{\"@type\":\"ListItem\",\"position\":3,\"name\":\"Echelle t\u00e9lescopique de 3,8 m, syst\u00e8me Leitertec inclus\"}]},{\"@type\":\"WebSite\",\"@id\":\"https:\\\/\\\/leitertec.com\\\/fr\\\/#website\",\"url\":\"https:\\\/\\\/leitertec.com\\\/fr\\\/\",\"name\":\"Leitertec\",\"description\":\"\",\"potentialAction\":[{\"@type\":\"SearchAction\",\"target\":{\"@type\":\"EntryPoint\",\"urlTemplate\":\"https:\\\/\\\/leitertec.com\\\/fr\\\/?s={search_term_string}\"},\"query-input\":{\"@type\":\"PropertyValueSpecification\",\"valueRequired\":true,\"valueName\":\"search_term_string\"}}],\"inLanguage\":\"fr-FR\"}]}<\/script>\n<!-- \/ Yoast SEO plugin. -->","yoast_head_json":{"title":"Echelle t\u00e9lescopique de 3,8 m, syst\u00e8me Leitertec inclus - Leitertec","robots":{"index":"index","follow":"follow","max-snippet":"max-snippet:-1","max-image-preview":"max-image-preview:large","max-video-preview":"max-video-preview:-1"},"canonical":"https:\/\/leitertec.com\/fr\/produkt\/echelle-telescopique-de-38-m-systeme-leitertec-inclus\/","og_locale":"fr_FR","og_type":"article","og_title":"Echelle t\u00e9lescopique de 3,8 m, syst\u00e8me Leitertec inclus - Leitertec","og_description":"Le syst\u00e8me Leitertec permet d'aspirer l'\u00e9chelle t\u00e9lescopique sur des surfaces lisses et gr\u00e2ce au patin en feutre, les surfaces rugueuses sont \u00e9galement pr\u00e9serv\u00e9es.","og_url":"https:\/\/leitertec.com\/fr\/produkt\/echelle-telescopique-de-38-m-systeme-leitertec-inclus\/","og_site_name":"Leitertec","article_modified_time":"2026-04-18T08:29:40+00:00","og_image":[{"width":1151,"height":1442,"url":"https:\/\/leitertec.com\/wp-content\/uploads\/2023\/11\/38.jpg","type":"image\/jpeg"}],"twitter_card":"summary_large_image","twitter_misc":{"Dur\u00e9e de lecture estim\u00e9e":"3 minutes"},"schema":{"@context":"https:\/\/schema.org","@graph":[{"@type":"WebPage","@id":"https:\/\/leitertec.com\/fr\/produkt\/echelle-telescopique-de-38-m-systeme-leitertec-inclus\/","url":"https:\/\/leitertec.com\/fr\/produkt\/echelle-telescopique-de-38-m-systeme-leitertec-inclus\/","name":"Echelle t\u00e9lescopique de 3,8 m, syst\u00e8me Leitertec inclus - Leitertec","isPartOf":{"@id":"https:\/\/leitertec.com\/fr\/#website"},"primaryImageOfPage":{"@id":"https:\/\/leitertec.com\/fr\/produkt\/echelle-telescopique-de-38-m-systeme-leitertec-inclus\/#primaryimage"},"image":{"@id":"https:\/\/leitertec.com\/fr\/produkt\/echelle-telescopique-de-38-m-systeme-leitertec-inclus\/#primaryimage"},"thumbnailUrl":"https:\/\/leitertec.com\/wp-content\/uploads\/2023\/11\/38.jpg","datePublished":"2023-11-10T21:05:12+00:00","dateModified":"2026-04-18T08:29:40+00:00","breadcrumb":{"@id":"https:\/\/leitertec.com\/fr\/produkt\/echelle-telescopique-de-38-m-systeme-leitertec-inclus\/#breadcrumb"},"inLanguage":"fr-FR","potentialAction":[{"@type":"ReadAction","target":["https:\/\/leitertec.com\/fr\/produkt\/echelle-telescopique-de-38-m-systeme-leitertec-inclus\/"]}]},{"@type":"ImageObject","inLanguage":"fr-FR","@id":"https:\/\/leitertec.com\/fr\/produkt\/echelle-telescopique-de-38-m-systeme-leitertec-inclus\/#primaryimage","url":"https:\/\/leitertec.com\/wp-content\/uploads\/2023\/11\/38.jpg","contentUrl":"https:\/\/leitertec.com\/wp-content\/uploads\/2023\/11\/38.jpg","width":1151,"height":1442},{"@type":"BreadcrumbList","@id":"https:\/\/leitertec.com\/fr\/produkt\/echelle-telescopique-de-38-m-systeme-leitertec-inclus\/#breadcrumb","itemListElement":[{"@type":"ListItem","position":1,"name":"Startseite","item":"https:\/\/leitertec.com\/fr\/page-daccueil\/"},{"@type":"ListItem","position":2,"name":"Boutique","item":"https:\/\/leitertec.com\/fr\/boutique\/"},{"@type":"ListItem","position":3,"name":"Echelle t\u00e9lescopique de 3,8 m, syst\u00e8me Leitertec inclus"}]},{"@type":"WebSite","@id":"https:\/\/leitertec.com\/fr\/#website","url":"https:\/\/leitertec.com\/fr\/","name":"Leitertec","description":"","potentialAction":[{"@type":"SearchAction","target":{"@type":"EntryPoint","urlTemplate":"https:\/\/leitertec.com\/fr\/?s={search_term_string}"},"query-input":{"@type":"PropertyValueSpecification","valueRequired":true,"valueName":"search_term_string"}}],"inLanguage":"fr-FR"}]}},"jetpack_sharing_enabled":true,"_links":{"self":[{"href":"https:\/\/leitertec.com\/fr\/wp-json\/wp\/v2\/product\/35520","targetHints":{"allow":["GET"]}}],"collection":[{"href":"https:\/\/leitertec.com\/fr\/wp-json\/wp\/v2\/product"}],"about":[{"href":"https:\/\/leitertec.com\/fr\/wp-json\/wp\/v2\/types\/product"}],"replies":[{"embeddable":true,"href":"https:\/\/leitertec.com\/fr\/wp-json\/wp\/v2\/comments?post=35520"}],"wp:featuredmedia":[{"embeddable":true,"href":"https:\/\/leitertec.com\/fr\/wp-json\/wp\/v2\/media\/35522"}],"wp:attachment":[{"href":"https:\/\/leitertec.com\/fr\/wp-json\/wp\/v2\/media?parent=35520"}],"wp:term":[{"taxonomy":"product_brand","embeddable":true,"href":"https:\/\/leitertec.com\/fr\/wp-json\/wp\/v2\/product_brand?post=35520"},{"taxonomy":"product_cat","embeddable":true,"href":"https:\/\/leitertec.com\/fr\/wp-json\/wp\/v2\/product_cat?post=35520"},{"taxonomy":"product_tag","embeddable":true,"href":"https:\/\/leitertec.com\/fr\/wp-json\/wp\/v2\/product_tag?post=35520"}],"curies":[{"name":"wp","href":"https:\/\/api.w.org\/{rel}","templated":true}]}}