{"id":35595,"date":"2021-06-26T20:19:39","date_gmt":"2021-06-26T18:19:39","guid":{"rendered":"https:\/\/leitertec.com\/revocation\/"},"modified":"2025-04-01T21:04:24","modified_gmt":"2025-04-01T19:04:24","slug":"revocation","status":"publish","type":"page","link":"https:\/\/leitertec.com\/fr\/revocation\/","title":{"rendered":"R\u00e9vocation"},"content":{"rendered":"\n<h1><strong>Information sur le droit de r\u00e9tractation<\/strong><\/h1>\n<p>Information sur le droit de r\u00e9tractation pour les contenus num\u00e9riques, \u00e9tablie conform\u00e9ment \u00e0 l&rsquo;EGBGB annexe 1 \u00e0 l&rsquo;art. 246a \u00a7 1 al. 2 phrase 2. R\u00e9f\u00e9rence : BGBl. I 2013, 3642 &#8211; 3670  <\/p>\n<p><strong>Droit de r\u00e9tractation<\/strong><\/p>\n<p>Vous avez le droit de vous r\u00e9tracter du pr\u00e9sent contrat sans donner de motif dans un d\u00e9lai de quatorze jours.<\/p>\n<p>Le d\u00e9lai de r\u00e9tractation est de quatorze jours \u00e0 compter de la date \u00e0 laquelle vous, ou un tiers autre que le transporteur et d\u00e9sign\u00e9 par vous, avez pris possession des biens.<\/p>\n<p>Pour exercer votre droit de r\u00e9tractation, vous devez nous contacter Leitertec GmbH, repr\u00e9sent\u00e9e par les g\u00e9rants Tobias Kuhnert, Jonathan K\u00e4ser et Samuel K\u00e4ser, H\u00f6rschhof 12, 71566 Alth\u00fctte, Tel : 0176\/14370282, E Mail : info@leitertec.com<\/p>\n<p>de votre d\u00e9cision de vous r\u00e9tracter du pr\u00e9sent contrat au moyen d&rsquo;une d\u00e9claration claire (par exemple, lettre envoy\u00e9e par la poste, t\u00e9l\u00e9copie ou courrier \u00e9lectronique). Pour ce faire, vous pouvez utiliser le mod\u00e8le de formulaire de r\u00e9tractation ci-joint, qui n&rsquo;est toutefois pas obligatoire. <\/p>\n<p>Vous pouvez \u00e9galement remplir et transmettre \u00e9lectroniquement le mod\u00e8le de formulaire de r\u00e9tractation ou toute autre d\u00e9claration claire sur notre site web www.leitertec.com. Si vous faites usage de cette possibilit\u00e9, nous vous enverrons sans d\u00e9lai (par exemple par e-mail) un accus\u00e9 de r\u00e9ception d&rsquo;une telle r\u00e9tractation. <\/p>\n<p>Pour que le d\u00e9lai de r\u00e9tractation soit respect\u00e9, il suffit que vous envoyiez la communication relative \u00e0 l&rsquo;exercice du droit de r\u00e9tractation avant l&rsquo;expiration du d\u00e9lai de r\u00e9tractation.<\/p>\n<p><strong>Cons\u00e9quences de la r\u00e9tractation<\/strong><\/p>\n<p>En cas de r\u00e9tractation du pr\u00e9sent contrat, nous vous rembourserons tous les paiements re\u00e7us de vous, y compris les frais de livraison (\u00e0 l&rsquo;exception des frais suppl\u00e9mentaires d\u00e9coulant du fait que vous avez choisi un mode de livraison autre que le mode moins co\u00fbteux de livraison standard propos\u00e9 par nous), sans retard excessif et au plus tard quatorze jours \u00e0 compter de la date \u00e0 laquelle nous aurons \u00e9t\u00e9 inform\u00e9s de votre d\u00e9cision de r\u00e9tractation du pr\u00e9sent contrat. Pour ce remboursement, nous utilisons le m\u00eame moyen de paiement que celui que vous avez utilis\u00e9 pour la transaction initiale, sauf accord expr\u00e8s contraire avec vous ; en aucun cas des frais ne vous seront factur\u00e9s pour ce remboursement. Nous pouvons refuser le remboursement jusqu&rsquo;\u00e0 ce que nous ayons r\u00e9cup\u00e9r\u00e9 les marchandises ou jusqu&rsquo;\u00e0 ce que vous ayez fourni la preuve que vous avez renvoy\u00e9 les marchandises, la date retenue \u00e9tant celle du premier de ces faits.  <\/p>\n<p>Vous devez nous renvoyer ou nous remettre les biens sans retard excessif et, en tout \u00e9tat de cause, au plus tard quatorze jours \u00e0 compter du jour o\u00f9 vous nous informez de votre d\u00e9cision de r\u00e9tractation du pr\u00e9sent contrat. Le d\u00e9lai est respect\u00e9 si vous renvoyez les biens avant l&rsquo;expiration du d\u00e9lai de quatorze jours. Les frais directs de renvoi des marchandises sont \u00e0 votre charge. Vous n&rsquo;\u00eates tenu de prendre en charge une \u00e9ventuelle perte de valeur des marchandises que si cette perte de valeur est due \u00e0 une manipulation non n\u00e9cessaire pour v\u00e9rifier la nature, les caract\u00e9ristiques et le fonctionnement des marchandises.   <\/p>\n<p>Le droit de r\u00e9tractation ne s&rsquo;applique pas aux contrats suivants :<\/p>\n<ul>\n<li>les contrats de fourniture de biens qui ne sont pas pr\u00e9fabriqu\u00e9s et pour la production desquels le choix ou la d\u00e9termination individuels du consommateur sont d\u00e9terminants ou qui sont clairement adapt\u00e9s aux besoins personnels du consommateur.<\/li>\n<li>les contrats de fourniture de biens susceptibles de se d\u00e9t\u00e9riorer rapidement ou dont la date de p\u00e9remption serait rapidement d\u00e9pass\u00e9e.<\/li>\n<li>les contrats de fourniture de biens scell\u00e9s qui ne peuvent \u00eatre renvoy\u00e9s pour des raisons de protection de la sant\u00e9 ou d&rsquo;hygi\u00e8ne, si leur sceau a \u00e9t\u00e9 retir\u00e9 apr\u00e8s la livraison.<\/li>\n<li>les contrats de fourniture de biens si, apr\u00e8s la livraison, ceux-ci ont \u00e9t\u00e9 m\u00e9lang\u00e9s de mani\u00e8re ins\u00e9parable avec d&rsquo;autres biens en raison de leur nature.<\/li>\n<li>les contrats de fourniture de boissons alcoolis\u00e9es dont le prix a \u00e9t\u00e9 convenu lors de la conclusion du contrat, mais qui ne peuvent \u00eatre livr\u00e9es avant 30 jours apr\u00e8s la conclusion du contrat et dont la valeur actuelle d\u00e9pend de fluctuations du march\u00e9 sur lesquelles l&rsquo;entrepreneur n&rsquo;a aucune influence.<\/li>\n<li>les contrats de fourniture d&rsquo;enregistrements audio ou vid\u00e9o ou de logiciels informatiques dans un emballage scell\u00e9, si le sceau a \u00e9t\u00e9 retir\u00e9 apr\u00e8s la livraison.<\/li>\n<li>Contrats de fourniture de journaux, de p\u00e9riodiques ou de magazines, \u00e0 l&rsquo;exception des contrats d&rsquo;abonnement.<\/li>\n<li>les contrats de fourniture de biens dont le prix d\u00e9pend de fluctuations sur le march\u00e9 financier sur lesquelles l&rsquo;entrepreneur n&rsquo;a aucune influence et qui peuvent survenir pendant le d\u00e9lai de r\u00e9tractation.<\/li>\n<\/ul>\n<p><strong>Mod\u00e8le de formulaire de r\u00e9tractation<\/strong><\/p>\n<p><em>(Si vous souhaitez annuler le contrat, veuillez remplir et renvoyer ce formulaire).<\/em><\/p>\n<p><strong>Leitertec GmbH<br\/>repr\u00e9sent\u00e9e par les directeurs Tobias Kuhnert, Jonathan K\u00e4ser et Samuel K\u00e4ser<br\/>H\u00f6rschhof 12<br\/>71566 Alth\u00fctte  <\/strong><\/p>\n<p>&#8211; Par la pr\u00e9sente, je\/nous (*) r\u00e9voque(ons) le contrat que j&rsquo;ai\/nous avons (*) conclu pour l&rsquo;achat des marchandises suivantes (*)\/la fourniture du service suivant (*)<\/p>\n<p>&#8211; Command\u00e9 le (*)\/re\u00e7u le (*)<\/p>\n<p>&#8211; Nom du\/des consommateur(s)<\/p>\n<p>&#8211; Adresse du\/des consommateur(s)<\/p>\n<p>&#8211; Signature du\/des consommateur(s) (uniquement en cas de communication sur papier)<\/p>\n<p>&#8211; Date<\/p>\n<p><em>(*) Biffer la mention inutile<\/em><\/p>\n\n","protected":false},"excerpt":{"rendered":"<p>Information sur le droit de r\u00e9tractation Information sur le droit de r\u00e9tractation pour les contenus num\u00e9riques, \u00e9tablie conform\u00e9ment \u00e0 l&rsquo;EGBGB annexe 1 \u00e0 l&rsquo;art. 246a \u00a7 1 al. 2 phrase 2. R\u00e9f\u00e9rence : BGBl. I 2013, 3642 &#8211; 3670 Droit de r\u00e9tractation Vous avez le droit de vous r\u00e9tracter du pr\u00e9sent contrat sans donner de [&#8230;]\n","protected":false},"author":2,"featured_media":0,"parent":0,"menu_order":0,"comment_status":"closed","ping_status":"closed","template":"","meta":{"_monsterinsights_skip_tracking":false,"_monsterinsights_sitenote_active":false,"_monsterinsights_sitenote_note":"","_monsterinsights_sitenote_category":0,"footnotes":""},"class_list":["post-35595","page","type-page","status-publish","hentry"],"yoast_head":"<!-- This site is optimized with the Yoast SEO plugin v27.4 - https:\/\/yoast.com\/product\/yoast-seo-wordpress\/ -->\n<title>R\u00e9vocation - Leitertec<\/title>\n<meta name=\"robots\" content=\"index, follow, max-snippet:-1, max-image-preview:large, max-video-preview:-1\" \/>\n<link rel=\"canonical\" href=\"https:\/\/leitertec.com\/fr\/revocation\/\" \/>\n<meta property=\"og:locale\" content=\"fr_FR\" \/>\n<meta property=\"og:type\" content=\"article\" \/>\n<meta property=\"og:title\" content=\"R\u00e9vocation - Leitertec\" \/>\n<meta property=\"og:description\" content=\"Information sur le droit de r\u00e9tractation Information sur le droit de r\u00e9tractation pour les contenus num\u00e9riques, \u00e9tablie conform\u00e9ment \u00e0 l&rsquo;EGBGB annexe 1 \u00e0 l&rsquo;art. 246a \u00a7 1 al. 2 phrase 2. R\u00e9f\u00e9rence : BGBl. I 2013, 3642 &#8211; 3670 Droit de r\u00e9tractation Vous avez le droit de vous r\u00e9tracter du pr\u00e9sent contrat sans donner de [...]\" \/>\n<meta property=\"og:url\" content=\"https:\/\/leitertec.com\/fr\/revocation\/\" \/>\n<meta property=\"og:site_name\" content=\"Leitertec\" \/>\n<meta property=\"article:modified_time\" content=\"2025-04-01T19:04:24+00:00\" \/>\n<meta name=\"twitter:card\" content=\"summary_large_image\" \/>\n<meta name=\"twitter:label1\" content=\"Dur\u00e9e de lecture estim\u00e9e\" \/>\n\t<meta name=\"twitter:data1\" content=\"5 minutes\" \/>\n<script type=\"application\/ld+json\" class=\"yoast-schema-graph\">{\"@context\":\"https:\\\/\\\/schema.org\",\"@graph\":[{\"@type\":\"WebPage\",\"@id\":\"https:\\\/\\\/leitertec.com\\\/fr\\\/revocation\\\/\",\"url\":\"https:\\\/\\\/leitertec.com\\\/fr\\\/revocation\\\/\",\"name\":\"R\u00e9vocation - Leitertec\",\"isPartOf\":{\"@id\":\"https:\\\/\\\/leitertec.com\\\/fr\\\/#website\"},\"datePublished\":\"2021-06-26T18:19:39+00:00\",\"dateModified\":\"2025-04-01T19:04:24+00:00\",\"breadcrumb\":{\"@id\":\"https:\\\/\\\/leitertec.com\\\/fr\\\/revocation\\\/#breadcrumb\"},\"inLanguage\":\"fr-FR\",\"potentialAction\":[{\"@type\":\"ReadAction\",\"target\":[\"https:\\\/\\\/leitertec.com\\\/fr\\\/revocation\\\/\"]}]},{\"@type\":\"BreadcrumbList\",\"@id\":\"https:\\\/\\\/leitertec.com\\\/fr\\\/revocation\\\/#breadcrumb\",\"itemListElement\":[{\"@type\":\"ListItem\",\"position\":1,\"name\":\"Startseite\",\"item\":\"https:\\\/\\\/leitertec.com\\\/fr\\\/page-daccueil\\\/\"},{\"@type\":\"ListItem\",\"position\":2,\"name\":\"R\u00e9vocation\"}]},{\"@type\":\"WebSite\",\"@id\":\"https:\\\/\\\/leitertec.com\\\/fr\\\/#website\",\"url\":\"https:\\\/\\\/leitertec.com\\\/fr\\\/\",\"name\":\"Leitertec\",\"description\":\"\",\"potentialAction\":[{\"@type\":\"SearchAction\",\"target\":{\"@type\":\"EntryPoint\",\"urlTemplate\":\"https:\\\/\\\/leitertec.com\\\/fr\\\/?s={search_term_string}\"},\"query-input\":{\"@type\":\"PropertyValueSpecification\",\"valueRequired\":true,\"valueName\":\"search_term_string\"}}],\"inLanguage\":\"fr-FR\"}]}<\/script>\n<!-- \/ Yoast SEO plugin. -->","yoast_head_json":{"title":"R\u00e9vocation - Leitertec","robots":{"index":"index","follow":"follow","max-snippet":"max-snippet:-1","max-image-preview":"max-image-preview:large","max-video-preview":"max-video-preview:-1"},"canonical":"https:\/\/leitertec.com\/fr\/revocation\/","og_locale":"fr_FR","og_type":"article","og_title":"R\u00e9vocation - Leitertec","og_description":"Information sur le droit de r\u00e9tractation Information sur le droit de r\u00e9tractation pour les contenus num\u00e9riques, \u00e9tablie conform\u00e9ment \u00e0 l&rsquo;EGBGB annexe 1 \u00e0 l&rsquo;art. 246a \u00a7 1 al. 2 phrase 2. R\u00e9f\u00e9rence : BGBl. I 2013, 3642 &#8211; 3670 Droit de r\u00e9tractation Vous avez le droit de vous r\u00e9tracter du pr\u00e9sent contrat sans donner de [...]","og_url":"https:\/\/leitertec.com\/fr\/revocation\/","og_site_name":"Leitertec","article_modified_time":"2025-04-01T19:04:24+00:00","twitter_card":"summary_large_image","twitter_misc":{"Dur\u00e9e de lecture estim\u00e9e":"5 minutes"},"schema":{"@context":"https:\/\/schema.org","@graph":[{"@type":"WebPage","@id":"https:\/\/leitertec.com\/fr\/revocation\/","url":"https:\/\/leitertec.com\/fr\/revocation\/","name":"R\u00e9vocation - Leitertec","isPartOf":{"@id":"https:\/\/leitertec.com\/fr\/#website"},"datePublished":"2021-06-26T18:19:39+00:00","dateModified":"2025-04-01T19:04:24+00:00","breadcrumb":{"@id":"https:\/\/leitertec.com\/fr\/revocation\/#breadcrumb"},"inLanguage":"fr-FR","potentialAction":[{"@type":"ReadAction","target":["https:\/\/leitertec.com\/fr\/revocation\/"]}]},{"@type":"BreadcrumbList","@id":"https:\/\/leitertec.com\/fr\/revocation\/#breadcrumb","itemListElement":[{"@type":"ListItem","position":1,"name":"Startseite","item":"https:\/\/leitertec.com\/fr\/page-daccueil\/"},{"@type":"ListItem","position":2,"name":"R\u00e9vocation"}]},{"@type":"WebSite","@id":"https:\/\/leitertec.com\/fr\/#website","url":"https:\/\/leitertec.com\/fr\/","name":"Leitertec","description":"","potentialAction":[{"@type":"SearchAction","target":{"@type":"EntryPoint","urlTemplate":"https:\/\/leitertec.com\/fr\/?s={search_term_string}"},"query-input":{"@type":"PropertyValueSpecification","valueRequired":true,"valueName":"search_term_string"}}],"inLanguage":"fr-FR"}]}},"jetpack_sharing_enabled":true,"_links":{"self":[{"href":"https:\/\/leitertec.com\/fr\/wp-json\/wp\/v2\/pages\/35595","targetHints":{"allow":["GET"]}}],"collection":[{"href":"https:\/\/leitertec.com\/fr\/wp-json\/wp\/v2\/pages"}],"about":[{"href":"https:\/\/leitertec.com\/fr\/wp-json\/wp\/v2\/types\/page"}],"author":[{"embeddable":true,"href":"https:\/\/leitertec.com\/fr\/wp-json\/wp\/v2\/users\/2"}],"replies":[{"embeddable":true,"href":"https:\/\/leitertec.com\/fr\/wp-json\/wp\/v2\/comments?post=35595"}],"version-history":[{"count":1,"href":"https:\/\/leitertec.com\/fr\/wp-json\/wp\/v2\/pages\/35595\/revisions"}],"predecessor-version":[{"id":35596,"href":"https:\/\/leitertec.com\/fr\/wp-json\/wp\/v2\/pages\/35595\/revisions\/35596"}],"wp:attachment":[{"href":"https:\/\/leitertec.com\/fr\/wp-json\/wp\/v2\/media?parent=35595"}],"curies":[{"name":"wp","href":"https:\/\/api.w.org\/{rel}","templated":true}]}}