{"id":35589,"date":"2023-11-06T20:51:36","date_gmt":"2023-11-06T19:51:36","guid":{"rendered":"https:\/\/leitertec.com\/faq\/"},"modified":"2025-04-01T21:04:24","modified_gmt":"2025-04-01T19:04:24","slug":"faq","status":"publish","type":"page","link":"https:\/\/leitertec.com\/fr\/faq\/","title":{"rendered":"FAQ"},"content":{"rendered":"\n<div id=\"faq-35506\" class=\"arconix-faq-wrap\"><div id=\"faq-Dequellehauteurdrsquochelleai-jebesoinpourmoncamping-car\" class=\"arconix-faq-title faq-closed\">De quelle hauteur d&rsquo;\u00e9chelle ai-je besoin pour mon camping-car ?<\/div><div class=\"arconix-faq-content faq-closed\">Pour choisir la bonne hauteur d&rsquo;\u00e9chelle pour votre camping-car, nous vous recommandons :\n<ul>\n \t<li><strong>Echelle t\u00e9lescopique de 2 m<\/strong>: pour les camping-cars jusqu&rsquo;\u00e0 2,2 m de hauteur.<\/li>\n \t<li><strong>Echelle t\u00e9lescopique de 2,6 m<\/strong>: pour les camping-cars jusqu&rsquo;\u00e0 2,9 m de hauteur.<\/li>\n \t<li><strong>Echelle t\u00e9lescopique de 2,9 m<\/strong>: pour les camping-cars jusqu&rsquo;\u00e0 3,2 m de hauteur.<\/li>\n \t<li><strong>Echelle t\u00e9lescopique de 3,8 m<\/strong>: pour les camping-cars de plus de 3,2 m de hauteur.<\/li>\n<\/ul>\n<strong>Remarque<\/strong>: Il s&rsquo;agit de valeurs indicatives et la hauteur optimale de l&rsquo;\u00e9chelle peut varier en fonction du v\u00e9hicule. Si vous souhaitez \u00e9galement utiliser l&rsquo;\u00e9chelle \u00e0 la maison, choisissez une \u00e9chelle plus longue pour plus de flexibilit\u00e9. <\/div><\/div><div id=\"faq-35505\" class=\"arconix-faq-wrap\"><div id=\"faq-JrsquoaiinsrlesystmeLeiterteclrsquoenversdansmonchelle8211quepuis-jefaire\" class=\"arconix-faq-title faq-closed\">J&rsquo;ai ins\u00e9r\u00e9 le syst\u00e8me Leitertec \u00e0 l&rsquo;envers dans mon \u00e9chelle &#8211; que puis-je faire ?<\/div><div class=\"arconix-faq-content faq-closed\"><p style=\"font-weight: 400;\">Cela arrive malheureusement parfois avec le syst\u00e8me Leitertec 28 mm. Avec le syst\u00e8me 32 mm, ce n&rsquo;est plus possible.<br \/>\nCela demande du doigt\u00e9, mais il est possible d&rsquo;appuyer lat\u00e9ralement avec un couteau sur la goupille \u00e0 ressort en passant devant le bras et en la poussant vers l&rsquo;arri\u00e8re. <\/p>\n<p style=\"font-weight: 400;\">Il est \u00e9galement possible d&rsquo;ins\u00e9rer un fil m\u00e9tallique dans le trou depuis l&rsquo;ext\u00e9rieur et de l&rsquo;utiliser pour pousser la goupille \u00e9lastique vers l&rsquo;arri\u00e8re.<\/p>\n<p style=\"font-weight: 400;\">Si ces deux solutions ne fonctionnent pas, il ne reste plus qu&rsquo;\u00e0 percer un petit trou au milieu de la partie ext\u00e9rieure du plastique (il y a d\u00e9j\u00e0 un trou dans l&rsquo;aluminium) et \u00e0 utiliser un fil pour pousser la goupille \u00e9lastique vers l&rsquo;arri\u00e8re. Le trou doit \u00eatre suffisamment grand pour que le fil puisse passer. <\/p>\n<\/div><\/div><div id=\"faq-35514\" class=\"arconix-faq-wrap\"><div id=\"faq-Lrsquochelleest-ellegalementapprouvepourlesentreprises\" class=\"arconix-faq-title faq-closed\">L&rsquo;\u00e9chelle est-elle \u00e9galement approuv\u00e9e pour les entreprises ?<\/div><div class=\"arconix-faq-content faq-closed\"><p style=\"font-weight: 400;\">Oui, l&rsquo;\u00e9chelle est approuv\u00e9e pour un usage priv\u00e9 et professionnel.<\/p>\n<\/div><\/div><div id=\"faq-35517\" class=\"arconix-faq-wrap\"><div id=\"faq-Lalivraisonest-ellegratuite\" class=\"arconix-faq-title faq-closed\">La livraison est-elle gratuite ?<\/div><div class=\"arconix-faq-content faq-closed\"><p style=\"font-weight: 400;\">Oui, nous prenons en charge les frais d&rsquo;exp\u00e9dition ! Seuls les frais de retour (sauf en cas de garantie) sont \u00e0 la charge du client. <\/p>\n<\/div><\/div><div id=\"faq-40551\" class=\"arconix-faq-wrap\"><div id=\"faq-Lalongueurdrsquochelleindiqueinclut-ellelesystmeLeitertec\" class=\"arconix-faq-title faq-closed\">La longueur d&rsquo;\u00e9chelle indiqu\u00e9e inclut-elle le syst\u00e8me Leitertec ?<\/div><div class=\"arconix-faq-content faq-closed\"><p>La longueur d&rsquo;\u00e9chelle indiqu\u00e9e se r\u00e9f\u00e8re uniquement \u00e0 l&rsquo;\u00e9chelle. Avec le syst\u00e8me Leitertec, l&rsquo;\u00e9chelle est rallong\u00e9e d&rsquo;environ 20 cm suppl\u00e9mentaires. <\/p>\n<\/div><\/div><div id=\"faq-35510\" class=\"arconix-faq-wrap\"><div id=\"faq-LesystmeLeitertecfonctionne-t-ilaussipourlescaravanes\" class=\"arconix-faq-title faq-closed\">Le syst\u00e8me Leitertec fonctionne-t-il aussi pour les caravanes ?<\/div><div class=\"arconix-faq-content faq-closed\"><p>Dans les caravanes \u00e9quip\u00e9es de t\u00f4les martel\u00e9es ou d&rsquo;autres surfaces tr\u00e8s rugueuses, les ventouses ne peuvent pas cr\u00e9er leur d\u00e9pression. Mais le caoutchouc a la particularit\u00e9 d&rsquo;avoir un coefficient de frottement plus \u00e9lev\u00e9 lorsque la pression est plus forte. Cela signifie que le poids de l&rsquo;utilisateur rend l&rsquo;\u00e9chelle beaucoup plus stable que sans le syst\u00e8me Leitertec. En plus de l&rsquo;augmentation de la surface d&rsquo;appui, cela donne des r\u00e9sultats d&rsquo;utilisation tr\u00e8s similaires aux surfaces lisses.   <\/p>\n<\/div><\/div><div id=\"faq-35507\" class=\"arconix-faq-wrap\"><div id=\"faq-MonchelletlescopiqueprsentedepetitesrayuressurlrsquoaluminiumnoirEst-cenormaletcelaaffecte-t-illaqualitdelrsquochelle\" class=\"arconix-faq-title faq-closed\">Mon \u00e9chelle t\u00e9lescopique pr\u00e9sente de petites rayures sur l&rsquo;aluminium noir. Est-ce normal et cela affecte-t-il la qualit\u00e9 de l&rsquo;\u00e9chelle ?<\/div><div class=\"arconix-faq-content faq-closed\"><p style=\"font-weight: 400;\">Absolument normal ! Les petites rayures que vous remarquez sur votre \u00e9chelle t\u00e9lescopique r\u00e9sultent de l&rsquo;extension et de la r\u00e9traction r\u00e9p\u00e9t\u00e9es des parties mobiles pendant le processus de fabrication et de contr\u00f4le. La qualit\u00e9 de chaque \u00e9chelle est contr\u00f4l\u00e9e individuellement, et cette r\u00e9traction et cette sortie r\u00e9p\u00e9t\u00e9es constituent une partie cruciale de ce processus. Ces rayures sont superficielles et n&rsquo;affectent en rien l&rsquo;int\u00e9grit\u00e9 structurelle ou les performances de votre \u00e9chelle.   <\/p>\n<p style=\"font-weight: 400;\">Au contraire, elles sont le signe du contr\u00f4le de qualit\u00e9 auquel est soumise chaque \u00e9chelle t\u00e9lescopique et, plus tard, d&rsquo;une utilisation que nous esp\u00e9rons intensive de votre part. Consid\u00e9rez donc les petites rayures comme un signe positif indiquant que votre \u00e9chelle t\u00e9lescopique a \u00e9t\u00e9 soumise \u00e0 un contr\u00f4le approfondi et qu&rsquo;elle est pr\u00eate \u00e0 vous offrir une utilisation s\u00fbre et fiable. Pour \u00e9viter les rayures profondes, nettoyez r\u00e9guli\u00e8rement l&rsquo;\u00e9chelle.  <\/p>\n<p style=\"font-weight: 400;\">Si les rayures vous g\u00eanent malgr\u00e9 tout trop, elles peuvent \u00eatre facilement trait\u00e9es \u00e0 l&rsquo;aide d&rsquo;une bombe a\u00e9rosol. N&rsquo;h\u00e9sitez pas \u00e0 nous demander la bombe a\u00e9rosol appropri\u00e9e. <\/p>\n<\/div><\/div><div id=\"faq-35513\" class=\"arconix-faq-wrap\"><div id=\"faq-Nrsquoest-ilpaspossibledrsquoacheterlammechellepour80\" class=\"arconix-faq-title faq-closed\">N&rsquo;est-il pas possible d&rsquo;acheter la m\u00eame \u00e9chelle pour 80 \u20ac ?<\/div><div class=\"arconix-faq-content faq-closed\"><p style=\"font-weight: 400;\">En bref, il ne s&rsquo;agit <u>pas<\/u> de la m\u00eame \u00e9chelle !<br \/>\nExt\u00e9rieurement, les diff\u00e9rents mod\u00e8les se ressemblent souvent beaucoup, mais il existe de grandes diff\u00e9rences de qualit\u00e9 qui se remarquent clairement au plus tard lors de l&rsquo;utilisation.<\/p>\n<ul>\n<li>Longueur des \u00e9l\u00e9ments t\u00e9lescopiques individuels :<br \/>\nLorsqu&rsquo;ils sont d\u00e9ploy\u00e9s, les montants se chevauchent \u00e0 l&rsquo;int\u00e9rieur de l&rsquo;\u00e9chelle. Notre \u00e9chelle a une longueur de montants de 520 mm. Pour une hauteur de marche de 300 mm, les montants se chevauchent donc de 220 mm. Les \u00e9chelles moins ch\u00e8res commencent \u00e0 120 mm de chevauchement.<br \/>\n<img loading=\"lazy\" decoding=\"async\" class=\"alignnone wp-image-33237\" src=\"https:\/\/leitertec.com\/wp-content\/uploads\/2023\/11\/Bildschirmfoto-2023-11-17-um-16.40.42.jpg\" alt=\"\" width=\"453\" height=\"336\" srcset=\"https:\/\/leitertec.com\/wp-content\/uploads\/2023\/11\/Bildschirmfoto-2023-11-17-um-16.40.42.jpg 1434w, https:\/\/leitertec.com\/wp-content\/uploads\/2023\/11\/Bildschirmfoto-2023-11-17-um-16.40.42-300x223.jpg 300w, https:\/\/leitertec.com\/wp-content\/uploads\/2023\/11\/Bildschirmfoto-2023-11-17-um-16.40.42-1024x760.jpg 1024w, https:\/\/leitertec.com\/wp-content\/uploads\/2023\/11\/Bildschirmfoto-2023-11-17-um-16.40.42-768x570.jpg 768w, https:\/\/leitertec.com\/wp-content\/uploads\/2023\/11\/Bildschirmfoto-2023-11-17-um-16.40.42-600x445.jpg 600w\" sizes=\"auto, (max-width: 453px) 100vw, 453px\" \/><br \/>\nLe chevauchement jusqu&rsquo;\u00e0 175% plus \u00e9lev\u00e9 se remarque clairement dans la stabilit\u00e9 lors de l&rsquo;utilisation de l&rsquo;\u00e9chelle. Une image vaut mieux que 1000 mots : <img loading=\"lazy\" decoding=\"async\" class=\"alignnone wp-image-33238\" src=\"https:\/\/leitertec.com\/wp-content\/uploads\/2023\/11\/Bildschirmfoto-2023-11-17-um-16.31.37.jpg\" alt=\"\" width=\"774\" height=\"669\" srcset=\"https:\/\/leitertec.com\/wp-content\/uploads\/2023\/11\/Bildschirmfoto-2023-11-17-um-16.31.37.jpg 1960w, https:\/\/leitertec.com\/wp-content\/uploads\/2023\/11\/Bildschirmfoto-2023-11-17-um-16.31.37-300x259.jpg 300w, https:\/\/leitertec.com\/wp-content\/uploads\/2023\/11\/Bildschirmfoto-2023-11-17-um-16.31.37-1024x885.jpg 1024w, https:\/\/leitertec.com\/wp-content\/uploads\/2023\/11\/Bildschirmfoto-2023-11-17-um-16.31.37-768x664.jpg 768w, https:\/\/leitertec.com\/wp-content\/uploads\/2023\/11\/Bildschirmfoto-2023-11-17-um-16.31.37-1536x1328.jpg 1536w, https:\/\/leitertec.com\/wp-content\/uploads\/2023\/11\/Bildschirmfoto-2023-11-17-um-16.31.37-600x519.jpg 600w\" sizes=\"auto, (max-width: 774px) 100vw, 774px\" \/><\/li>\n<li>Test\u00e9 selon la norme europ\u00e9enne pour \u00e9chelles t\u00e9lescopiques EN131-6<br \/>\nDe nombreux fabricants d&rsquo;\u00e9chelles font de la publicit\u00e9 avec un sceau T\u00dcV ou une conformit\u00e9 \u00e0 la norme. Si l&rsquo;on se renseigne plus pr\u00e9cis\u00e9ment, cela ne d\u00e9bouche tr\u00e8s souvent sur aucun commentaire solide, ou alors la certification T\u00dcV ne s&rsquo;applique pas \u00e0 l&rsquo;\u00e9chelle enti\u00e8re comme on pourrait le penser, mais seulement \u00e0 une petite partie de celle-ci, comme par exemple le processus d&#8217;emballage est certifi\u00e9.<br \/>\nNous ne voulons pas tromper nos clients, mais notre \u00e9chelle a \u00e9t\u00e9 test\u00e9e et certifi\u00e9e par un institut de contr\u00f4le ind\u00e9pendant (SGS) ! <\/li>\n<li>Syst\u00e8me Softclose :<br \/>\nL&rsquo;\u00e9chelle se referme sur un ressort pneumatique, ce qui r\u00e9duit consid\u00e9rablement le risque de blessure.<\/li>\n<li>Diam\u00e8tre du montant nettement plus grand :<br \/>\nComme la longueur du montant, cela contribue \u00e0 la stabilit\u00e9 de l&rsquo;\u00e9chelle. Tant au niveau de la flexion que de la stabilit\u00e9 en cas de torsion. Nos \u00e9chelles ont un diam\u00e8tre de montant de 36 mm pour la marche sup\u00e9rieure, contre 28 mm pour les \u00e9chelles bon march\u00e9. Bien entendu, cela signifie que tous les montants suivants sont plus \u00e9pais\/stables.   <\/li>\n<li>Rev\u00eatement en poudre noir de haute qualit\u00e9<br \/>\nDu point de vue du design, les \u00e9chelles noires attirent l&rsquo;attention et s&rsquo;int\u00e8grent parfaitement au syst\u00e8me Leitertec ! De plus, le rev\u00eatement prot\u00e8ge l&rsquo;aluminium et l&rsquo;\u00e9chelle ne peut pas rouiller. <\/li>\n<li>Rivets sur chaque marche<\/li>\n<li>Traverse sur l&rsquo;\u00e9chelle &gt; 3 m<br \/>\nAu-del\u00e0 de 3 m, une extension du pied est obligatoire, ce que nous proposons sur notre mod\u00e8le 3,8 m.<\/li>\n<li>Contr\u00f4le qualit\u00e9<br \/>\nChaque \u00e9chelle est test\u00e9e et approuv\u00e9e individuellement par nos soins.<\/li>\n<li>Autorisation pour le commerce<br \/>\nGr\u00e2ce \u00e0 toutes les mesures mentionn\u00e9es, l&rsquo;\u00e9chelle est autoris\u00e9e pour un usage priv\u00e9 et professionnel. Cela souligne encore une fois que nous ne voulons pas faire de compromis sur la qualit\u00e9. <\/li>\n<\/ul>\n<p style=\"font-weight: 400;\">Nous offrons un produit de tr\u00e8s haute qualit\u00e9, pour lequel les points mentionn\u00e9s ci-dessus sont n\u00e9cessaires, mais qui rend l&rsquo;\u00e9chelle plus ch\u00e8re en raison de plus de mat\u00e9riaux\/processus\/tests. Nous soutenons notre produit et sommes fiers de pouvoir vous l&rsquo;offrir tel quel ! <\/p>\n<\/div><\/div><div id=\"faq-35511\" class=\"arconix-faq-wrap\"><div id=\"faq-Puis-jeajouterlesystmeLeitertecmonchelle\" class=\"arconix-faq-title faq-closed\">Puis-je ajouter le syst\u00e8me Leitertec \u00e0 mon \u00e9chelle ?<\/div><div class=\"arconix-faq-content faq-closed\"><p style=\"font-weight: 400;\">Cela est possible pour de nombreux mod\u00e8les d&rsquo;\u00e9chelle. L&rsquo;\u00e9chelle doit r\u00e9pondre aux crit\u00e8res suivants : <\/p>\n<ul>\n<li>Le longeron doit \u00eatre rond<\/li>\n<li>Si vous retirez les capuchons du haut, le <strong>diam\u00e8tre int\u00e9rieur<\/strong> du <strong>longeron<\/strong> sup\u00e9rieur doit \u00eatre <strong>de 28 mm ou 32 mm.<\/strong><br \/>\n<strong>Attention :<\/strong> parfois, un petit chiffre est inscrit sur la pi\u00e8ce en plastique, il s&rsquo;agit g\u00e9n\u00e9ralement du <strong><u>Ext\u00e9rieur<\/u><\/strong>diam\u00e8tre du montant. Ne vous laissez pas tromper par ce chiffre et mesurez plut\u00f4t. La plupart du temps, le diam\u00e8tre int\u00e9rieur est inf\u00e9rieur de 4 mm au diam\u00e8tre ext\u00e9rieur.  <\/li>\n<li>Il doit y avoir un bouton-pression \u00e0 ressort de 8 mm \u00e0 l&rsquo;int\u00e9rieur du montant de la marche sup\u00e9rieure. Sans le syst\u00e8me Leitertec, celui-ci n&rsquo;a aucune utilit\u00e9 (pour la marche sup\u00e9rieure), c&rsquo;est pourquoi certains fabricants omettent le bouton-pression. <\/li>\n<\/ul>\n<p style=\"font-weight: 400;\">  Celui-ci doit d\u00e9passer d&rsquo;au moins 5 mm pour les longerons de 28 mm (diam\u00e8tre int\u00e9rieur) et d&rsquo;au moins 7 mm pour les longerons de 32 mm (voir tableau).<\/p>\n<table style=\"font-weight: 400;\">\n<tbody>\n<tr>\n<td width=\"217\">Diam\u00e8tre int\u00e9rieur du longeron : <strong>a<\/strong><\/td>\n<td width=\"66\">28 mm<\/td>\n<td width=\"66\">32 mm<\/td>\n<\/tr>\n<tr>\n<td width=\"217\">Diam\u00e8tre du bouton-pression : <strong>b<\/strong><\/td>\n<td width=\"66\">8 mm<\/td>\n<td width=\"66\">8 mm<\/td>\n<\/tr>\n<tr>\n<td width=\"217\">Longueur du bouton-pression : <strong>c<\/strong><\/td>\n<td width=\"66\">&gt;5 mm<\/td>\n<td width=\"66\">&gt;7 mm<\/td>\n<\/tr>\n<\/tbody>\n<\/table>\n<p><img loading=\"lazy\" decoding=\"async\" class=\"alignnone wp-image-33253\" src=\"https:\/\/leitertec.com\/wp-content\/uploads\/2023\/11\/Masse.png\" alt=\"\" width=\"474\" height=\"282\" srcset=\"https:\/\/leitertec.com\/wp-content\/uploads\/2023\/11\/Masse.png 2218w, https:\/\/leitertec.com\/wp-content\/uploads\/2023\/11\/Masse-300x179.png 300w, https:\/\/leitertec.com\/wp-content\/uploads\/2023\/11\/Masse-1024x609.png 1024w, https:\/\/leitertec.com\/wp-content\/uploads\/2023\/11\/Masse-768x457.png 768w, https:\/\/leitertec.com\/wp-content\/uploads\/2023\/11\/Masse-1536x914.png 1536w, https:\/\/leitertec.com\/wp-content\/uploads\/2023\/11\/Masse-2048x1219.png 2048w, https:\/\/leitertec.com\/wp-content\/uploads\/2023\/11\/Masse-600x357.png 600w\" sizes=\"auto, (max-width: 474px) 100vw, 474px\" \/><\/p>\n<\/div><\/div><div id=\"faq-40547\" class=\"arconix-faq-wrap\"><div id=\"faq-Quelestlediamtredesventouses\" class=\"arconix-faq-title faq-closed\">Quel est le diam\u00e8tre des ventouses ?<\/div><div class=\"arconix-faq-content faq-closed\"><p>Les ventouses ont un diam\u00e8tre de 12 cm.<\/p>\n<\/div><\/div><div id=\"faq-35508\" class=\"arconix-faq-wrap\"><div id=\"faq-Quelleestladiffrencedetailleentreleschellesde26m29met38m\" class=\"arconix-faq-title faq-closed\">Quelle est la diff\u00e9rence de taille entre les \u00e9chelles de 2,6 m, 2,9 m et 3,8 m ?<\/div><div class=\"arconix-faq-content faq-closed\"><p><img loading=\"lazy\" decoding=\"async\" class=\"alignnone size-full wp-image-33257\" src=\"https:\/\/leitertec.com\/wp-content\/uploads\/2023\/11\/Vergleich.png\" alt=\"\" width=\"350\" height=\"332\" srcset=\"https:\/\/leitertec.com\/wp-content\/uploads\/2023\/11\/Vergleich.png 350w, https:\/\/leitertec.com\/wp-content\/uploads\/2023\/11\/Vergleich-300x285.png 300w\" sizes=\"auto, (max-width: 350px) 100vw, 350px\" \/><\/p>\n<\/div><\/div>\n\n","protected":false},"excerpt":{"rendered":"","protected":false},"author":2,"featured_media":0,"parent":0,"menu_order":0,"comment_status":"closed","ping_status":"closed","template":"","meta":{"_monsterinsights_skip_tracking":false,"_monsterinsights_sitenote_active":false,"_monsterinsights_sitenote_note":"","_monsterinsights_sitenote_category":0,"footnotes":""},"class_list":["post-35589","page","type-page","status-publish","hentry"],"yoast_head":"<!-- This site is optimized with the Yoast SEO plugin v27.3 - https:\/\/yoast.com\/product\/yoast-seo-wordpress\/ -->\n<title>FAQ - Leitertec<\/title>\n<meta name=\"robots\" content=\"index, follow, max-snippet:-1, max-image-preview:large, max-video-preview:-1\" \/>\n<link rel=\"canonical\" href=\"https:\/\/leitertec.com\/fr\/faq\/\" \/>\n<meta property=\"og:locale\" content=\"fr_FR\" \/>\n<meta property=\"og:type\" content=\"article\" \/>\n<meta property=\"og:title\" content=\"FAQ - Leitertec\" \/>\n<meta property=\"og:url\" content=\"https:\/\/leitertec.com\/fr\/faq\/\" \/>\n<meta property=\"og:site_name\" content=\"Leitertec\" \/>\n<meta property=\"article:modified_time\" content=\"2025-04-01T19:04:24+00:00\" \/>\n<meta name=\"twitter:card\" content=\"summary_large_image\" \/>\n<script type=\"application\/ld+json\" class=\"yoast-schema-graph\">{\"@context\":\"https:\\\/\\\/schema.org\",\"@graph\":[{\"@type\":\"WebPage\",\"@id\":\"https:\\\/\\\/leitertec.com\\\/fr\\\/faq\\\/\",\"url\":\"https:\\\/\\\/leitertec.com\\\/fr\\\/faq\\\/\",\"name\":\"FAQ - Leitertec\",\"isPartOf\":{\"@id\":\"https:\\\/\\\/leitertec.com\\\/fr\\\/#website\"},\"datePublished\":\"2023-11-06T19:51:36+00:00\",\"dateModified\":\"2025-04-01T19:04:24+00:00\",\"breadcrumb\":{\"@id\":\"https:\\\/\\\/leitertec.com\\\/fr\\\/faq\\\/#breadcrumb\"},\"inLanguage\":\"fr-FR\",\"potentialAction\":[{\"@type\":\"ReadAction\",\"target\":[\"https:\\\/\\\/leitertec.com\\\/fr\\\/faq\\\/\"]}]},{\"@type\":\"BreadcrumbList\",\"@id\":\"https:\\\/\\\/leitertec.com\\\/fr\\\/faq\\\/#breadcrumb\",\"itemListElement\":[{\"@type\":\"ListItem\",\"position\":1,\"name\":\"Startseite\",\"item\":\"https:\\\/\\\/leitertec.com\\\/fr\\\/page-daccueil\\\/\"},{\"@type\":\"ListItem\",\"position\":2,\"name\":\"FAQ\"}]},{\"@type\":\"WebSite\",\"@id\":\"https:\\\/\\\/leitertec.com\\\/fr\\\/#website\",\"url\":\"https:\\\/\\\/leitertec.com\\\/fr\\\/\",\"name\":\"Leitertec\",\"description\":\"\",\"potentialAction\":[{\"@type\":\"SearchAction\",\"target\":{\"@type\":\"EntryPoint\",\"urlTemplate\":\"https:\\\/\\\/leitertec.com\\\/fr\\\/?s={search_term_string}\"},\"query-input\":{\"@type\":\"PropertyValueSpecification\",\"valueRequired\":true,\"valueName\":\"search_term_string\"}}],\"inLanguage\":\"fr-FR\"}]}<\/script>\n<!-- \/ Yoast SEO plugin. -->","yoast_head_json":{"title":"FAQ - Leitertec","robots":{"index":"index","follow":"follow","max-snippet":"max-snippet:-1","max-image-preview":"max-image-preview:large","max-video-preview":"max-video-preview:-1"},"canonical":"https:\/\/leitertec.com\/fr\/faq\/","og_locale":"fr_FR","og_type":"article","og_title":"FAQ - Leitertec","og_url":"https:\/\/leitertec.com\/fr\/faq\/","og_site_name":"Leitertec","article_modified_time":"2025-04-01T19:04:24+00:00","twitter_card":"summary_large_image","schema":{"@context":"https:\/\/schema.org","@graph":[{"@type":"WebPage","@id":"https:\/\/leitertec.com\/fr\/faq\/","url":"https:\/\/leitertec.com\/fr\/faq\/","name":"FAQ - Leitertec","isPartOf":{"@id":"https:\/\/leitertec.com\/fr\/#website"},"datePublished":"2023-11-06T19:51:36+00:00","dateModified":"2025-04-01T19:04:24+00:00","breadcrumb":{"@id":"https:\/\/leitertec.com\/fr\/faq\/#breadcrumb"},"inLanguage":"fr-FR","potentialAction":[{"@type":"ReadAction","target":["https:\/\/leitertec.com\/fr\/faq\/"]}]},{"@type":"BreadcrumbList","@id":"https:\/\/leitertec.com\/fr\/faq\/#breadcrumb","itemListElement":[{"@type":"ListItem","position":1,"name":"Startseite","item":"https:\/\/leitertec.com\/fr\/page-daccueil\/"},{"@type":"ListItem","position":2,"name":"FAQ"}]},{"@type":"WebSite","@id":"https:\/\/leitertec.com\/fr\/#website","url":"https:\/\/leitertec.com\/fr\/","name":"Leitertec","description":"","potentialAction":[{"@type":"SearchAction","target":{"@type":"EntryPoint","urlTemplate":"https:\/\/leitertec.com\/fr\/?s={search_term_string}"},"query-input":{"@type":"PropertyValueSpecification","valueRequired":true,"valueName":"search_term_string"}}],"inLanguage":"fr-FR"}]}},"jetpack_sharing_enabled":true,"_links":{"self":[{"href":"https:\/\/leitertec.com\/fr\/wp-json\/wp\/v2\/pages\/35589","targetHints":{"allow":["GET"]}}],"collection":[{"href":"https:\/\/leitertec.com\/fr\/wp-json\/wp\/v2\/pages"}],"about":[{"href":"https:\/\/leitertec.com\/fr\/wp-json\/wp\/v2\/types\/page"}],"author":[{"embeddable":true,"href":"https:\/\/leitertec.com\/fr\/wp-json\/wp\/v2\/users\/2"}],"replies":[{"embeddable":true,"href":"https:\/\/leitertec.com\/fr\/wp-json\/wp\/v2\/comments?post=35589"}],"version-history":[{"count":1,"href":"https:\/\/leitertec.com\/fr\/wp-json\/wp\/v2\/pages\/35589\/revisions"}],"predecessor-version":[{"id":35590,"href":"https:\/\/leitertec.com\/fr\/wp-json\/wp\/v2\/pages\/35589\/revisions\/35590"}],"wp:attachment":[{"href":"https:\/\/leitertec.com\/fr\/wp-json\/wp\/v2\/media?parent=35589"}],"curies":[{"name":"wp","href":"https:\/\/api.w.org\/{rel}","templated":true}]}}