{"id":37363,"date":"2023-11-10T22:05:12","date_gmt":"2023-11-10T21:05:12","guid":{"rendered":"https:\/\/leitertec.com\/produkt\/escalera-telescopica-de-38-m-incl-sistema-laddertec\/"},"modified":"2026-02-12T21:41:19","modified_gmt":"2026-02-12T20:41:19","slug":"escalera-telescopica-de-38-m-incl-sistema-laddertec","status":"publish","type":"product","link":"https:\/\/leitertec.com\/es\/produkt\/escalera-telescopica-de-38-m-incl-sistema-laddertec\/","title":{"rendered":"Escalera telesc\u00f3pica de 3,8 m incl. sistema Laddertec"},"content":{"rendered":"<p style=\"font-weight: 400;\">Por fin est\u00e1 aqu\u00ed, \u00a1la nueva escalera telesc\u00f3pica Leitertec! Con un nuevo dise\u00f1o, a\u00fan de mayor calidad y tan ingeniosa como siempre, espera tus aventuras. <\/p>\n<p style=\"font-weight: 400;\">Ya sea en autocaravanas, paredes de casas o ventanas y fachadas acristaladas: La escalera telesc\u00f3pica Leitertec es ideal para todas las superficies de contacto.<\/p>\n<p style=\"font-weight: 400;\">Garantizamos las siguientes caracter\u00edsticas:<\/p>\n<ul>\n<li>Compacta y m\u00f3vil:<br \/>\nLa mayor ventaja y beneficio de las escaleras telesc\u00f3picas es su reducido tama\u00f1o durante el transporte. Una escalera de 3,8 m se convierte en un paquete de s\u00f3lo 90 cm de altura que cabe c\u00f3modamente debajo del asiento del coche, junto al banco de trabajo o en la estanter\u00eda del jard\u00edn.<br \/>\nEl asa de transporte facilita el transporte de la escalera y todo el sistema Leitertec cabe exactamente entre los dos primeros pelda\u00f1os con la bolsa especialmente dise\u00f1ada.  \u00a1As\u00ed no ocupa espacio extra!<\/li>\n<li>M\u00e1xima flexibilidad<br \/>\n<span style=\"color: #555555; font-size: 14.4px;\">Las superficies que son el punto d\u00e9bil de las escaleras convencionales, es decir, la pintura, el cristal u otras superficies lisas, \u00a1son precisamente los puntos fuertes del sistema Leitertec! La goma blanda proporciona la mejor protecci\u00f3n posible a las superficies de contacto, evitando ara\u00f1azos. Adem\u00e1s, el sistema de succi\u00f3n aumenta enormemente la seguridad, y una escalera m\u00f3vil se ha convertido ahora en una escalera fija.<br \/>\n<\/span><span style=\"color: #555555; font-size: 14.4px;\">Pero incluso ofrecemos una soluci\u00f3n para las superficies rugosas que son sensibles, como el yeso, el papel pintado o la chapa martillada: las almohadillas de fieltro se pueden aspirar simplemente si es necesario y protegen la superficie de contacto. Gracias a la superficie de contacto ampliada, la escalera es mucho m\u00e1s estable que sin ella. <\/span><\/li>\n<li>Aprobado para uso comercial y privado<strong><br \/>\n<\/strong><span style=\"color: #555555; font-size: 14.4px;\">Queremos ofrecer a cada cliente la m\u00e1xima calidad. Por eso nuestra escalera ha sido probada por un instituto de pruebas independiente conforme a la norma EN 131-6 (norma europea para escaleras telesc\u00f3picas) y ha superado las pruebas para uso comercial y privado. \u00a1As\u00ed que est\u00e1s comprando un producto del que disfrutar\u00e1s durante mucho tiempo si lo cuidas adecuadamente!  <\/span><\/li>\n<li>Montaje y desmontaje sin herramientas en s\u00f3lo unos segundos<br \/>\nEl sistema Leitertec puede insertarse en la parte superior de la escalera de forma intuitiva y sin herramientas en s\u00f3lo unos segundos. Sin embargo, si quieres utilizar la escalera sin el sistema Leitertec, puedes retirar f\u00e1cilmente el sistema tirando de \u00e9l hacia arriba y gir\u00e1ndolo hacia fuera, y utilizar la escalera como una escalera telesc\u00f3pica \u00abnormal\u00bb. <\/li>\n<li>Atenci\u00f3n al cliente directa y honesta<br \/>\n<span style=\"color: #555555; font-size: 14.4px;\">Ya hemos respondido a algunas preguntas en nuestras <a href=\"http:\/\/www.leitertec.com\/faq\">FAQ<\/a>, pero siempre estamos a tu disposici\u00f3n si tienes m\u00e1s dudas. No dudes en ponerte en contacto con nosotros y te prometemos un apoyo honesto y lo mejor posible.<\/span><\/li>\n<li>Env\u00edo gratuito<\/li>\n<li>Dise\u00f1o atractivo<br \/>\n<span style=\"color: #555555; font-size: 14.4px;\">Cuando compres nuestro sistema, \u00a1prep\u00e1rate para que te aborden! El revestimiento de polvo negro de alta calidad de la escalera y el sistema Leitertec, junto con las ventosas rojas, combinan a la perfecci\u00f3n y tambi\u00e9n destacan visualmente sobre otras escaleras.  Los brazos de conexi\u00f3n no son de pl\u00e1stico barato, sino totalmente de aluminio. As\u00ed que puedes sentir literalmente la calidad desde el primer toque.<br \/>\n<\/span><span style=\"color: #555555; font-size: 14.4px;\">Los indicadores de color rojo\/verde de cada pelda\u00f1o facilitan mucho la tarea de asegurarse de que los pelda\u00f1os est\u00e1n bien encajados.<\/span><\/li>\n<li>Control de calidad<br \/>\n<span style=\"color: #555555; font-size: 14.4px;\">Cada escalera individual se inspecciona visualmente de nuevo y se somete a una prueba funcional antes de su env\u00edo. Esto minimiza la posibilidad de que se entreguen productos defectuosos. <\/span><\/li>\n<li>Gran capacidad de carga con poco peso:<br \/>\n<span style=\"color: #555555; font-size: 14.4px;\">\u00a1A pesar de su reducido peso de 15,2 kg, la escalera puede soportar cargas de hasta 150 kg!<\/span><\/li>\n<\/ul>\n","protected":false},"excerpt":{"rendered":"<p>El sistema Leitertec permite aspirar la escalera telesc\u00f3pica sobre superficies lisas, y la almohadilla de fieltro tambi\u00e9n protege las superficies rugosas.<\/p>\n","protected":false},"featured_media":37334,"comment_status":"open","ping_status":"closed","template":"","meta":{"_monsterinsights_skip_tracking":false,"_monsterinsights_sitenote_active":false,"_monsterinsights_sitenote_note":"","_monsterinsights_sitenote_category":0},"product_brand":[],"product_cat":[153],"product_tag":[],"class_list":{"0":"post-37363","1":"product","2":"type-product","3":"status-publish","4":"has-post-thumbnail","6":"product_cat-establece","7":"product_shipping_class-20-kg-es","9":"first","10":"onbackorder","11":"taxable","12":"shipping-taxable","13":"purchasable","14":"product-type-variable","15":"has-default-attributes"},"yoast_head":"<!-- This site is optimized with the Yoast SEO plugin v27.3 - https:\/\/yoast.com\/product\/yoast-seo-wordpress\/ -->\n<title>Escalera telesc\u00f3pica de 3,8 m incl. sistema Laddertec - Leitertec<\/title>\n<meta name=\"robots\" content=\"index, follow, max-snippet:-1, max-image-preview:large, max-video-preview:-1\" \/>\n<link rel=\"canonical\" href=\"https:\/\/leitertec.com\/es\/produkt\/escalera-telescopica-de-38-m-incl-sistema-laddertec\/\" \/>\n<meta property=\"og:locale\" content=\"es_ES\" \/>\n<meta property=\"og:type\" content=\"article\" \/>\n<meta property=\"og:title\" content=\"Escalera telesc\u00f3pica de 3,8 m incl. sistema Laddertec - Leitertec\" \/>\n<meta property=\"og:description\" content=\"El sistema Leitertec permite aspirar la escalera telesc\u00f3pica sobre superficies lisas, y la almohadilla de fieltro tambi\u00e9n protege las superficies rugosas.\" \/>\n<meta property=\"og:url\" content=\"https:\/\/leitertec.com\/es\/produkt\/escalera-telescopica-de-38-m-incl-sistema-laddertec\/\" \/>\n<meta property=\"og:site_name\" content=\"Leitertec\" \/>\n<meta property=\"article:modified_time\" content=\"2026-02-12T20:41:19+00:00\" \/>\n<meta property=\"og:image\" content=\"https:\/\/leitertec.com\/wp-content\/uploads\/2023\/11\/38.jpg\" \/>\n\t<meta property=\"og:image:width\" content=\"1151\" \/>\n\t<meta property=\"og:image:height\" content=\"1442\" \/>\n\t<meta property=\"og:image:type\" content=\"image\/jpeg\" \/>\n<meta name=\"twitter:card\" content=\"summary_large_image\" \/>\n<meta name=\"twitter:label1\" content=\"Tiempo de lectura\" \/>\n\t<meta name=\"twitter:data1\" content=\"3 minutos\" \/>\n<script type=\"application\/ld+json\" class=\"yoast-schema-graph\">{\"@context\":\"https:\\\/\\\/schema.org\",\"@graph\":[{\"@type\":\"WebPage\",\"@id\":\"https:\\\/\\\/leitertec.com\\\/es\\\/produkt\\\/escalera-telescopica-de-38-m-incl-sistema-laddertec\\\/\",\"url\":\"https:\\\/\\\/leitertec.com\\\/es\\\/produkt\\\/escalera-telescopica-de-38-m-incl-sistema-laddertec\\\/\",\"name\":\"Escalera telesc\u00f3pica de 3,8 m incl. sistema Laddertec - Leitertec\",\"isPartOf\":{\"@id\":\"https:\\\/\\\/leitertec.com\\\/es\\\/#website\"},\"primaryImageOfPage\":{\"@id\":\"https:\\\/\\\/leitertec.com\\\/es\\\/produkt\\\/escalera-telescopica-de-38-m-incl-sistema-laddertec\\\/#primaryimage\"},\"image\":{\"@id\":\"https:\\\/\\\/leitertec.com\\\/es\\\/produkt\\\/escalera-telescopica-de-38-m-incl-sistema-laddertec\\\/#primaryimage\"},\"thumbnailUrl\":\"https:\\\/\\\/leitertec.com\\\/wp-content\\\/uploads\\\/2023\\\/11\\\/38.jpg\",\"datePublished\":\"2023-11-10T21:05:12+00:00\",\"dateModified\":\"2026-02-12T20:41:19+00:00\",\"breadcrumb\":{\"@id\":\"https:\\\/\\\/leitertec.com\\\/es\\\/produkt\\\/escalera-telescopica-de-38-m-incl-sistema-laddertec\\\/#breadcrumb\"},\"inLanguage\":\"es\",\"potentialAction\":[{\"@type\":\"ReadAction\",\"target\":[\"https:\\\/\\\/leitertec.com\\\/es\\\/produkt\\\/escalera-telescopica-de-38-m-incl-sistema-laddertec\\\/\"]}]},{\"@type\":\"ImageObject\",\"inLanguage\":\"es\",\"@id\":\"https:\\\/\\\/leitertec.com\\\/es\\\/produkt\\\/escalera-telescopica-de-38-m-incl-sistema-laddertec\\\/#primaryimage\",\"url\":\"https:\\\/\\\/leitertec.com\\\/wp-content\\\/uploads\\\/2023\\\/11\\\/38.jpg\",\"contentUrl\":\"https:\\\/\\\/leitertec.com\\\/wp-content\\\/uploads\\\/2023\\\/11\\\/38.jpg\",\"width\":1151,\"height\":1442},{\"@type\":\"BreadcrumbList\",\"@id\":\"https:\\\/\\\/leitertec.com\\\/es\\\/produkt\\\/escalera-telescopica-de-38-m-incl-sistema-laddertec\\\/#breadcrumb\",\"itemListElement\":[{\"@type\":\"ListItem\",\"position\":1,\"name\":\"Startseite\",\"item\":\"https:\\\/\\\/leitertec.com\\\/es\\\/pagina-de-inicio\\\/\"},{\"@type\":\"ListItem\",\"position\":2,\"name\":\"Tienda\",\"item\":\"https:\\\/\\\/leitertec.com\\\/es\\\/tienda\\\/\"},{\"@type\":\"ListItem\",\"position\":3,\"name\":\"Escalera telesc\u00f3pica de 3,8 m incl. sistema Laddertec\"}]},{\"@type\":\"WebSite\",\"@id\":\"https:\\\/\\\/leitertec.com\\\/es\\\/#website\",\"url\":\"https:\\\/\\\/leitertec.com\\\/es\\\/\",\"name\":\"Leitertec\",\"description\":\"\",\"potentialAction\":[{\"@type\":\"SearchAction\",\"target\":{\"@type\":\"EntryPoint\",\"urlTemplate\":\"https:\\\/\\\/leitertec.com\\\/es\\\/?s={search_term_string}\"},\"query-input\":{\"@type\":\"PropertyValueSpecification\",\"valueRequired\":true,\"valueName\":\"search_term_string\"}}],\"inLanguage\":\"es\"}]}<\/script>\n<!-- \/ Yoast SEO plugin. -->","yoast_head_json":{"title":"Escalera telesc\u00f3pica de 3,8 m incl. sistema Laddertec - Leitertec","robots":{"index":"index","follow":"follow","max-snippet":"max-snippet:-1","max-image-preview":"max-image-preview:large","max-video-preview":"max-video-preview:-1"},"canonical":"https:\/\/leitertec.com\/es\/produkt\/escalera-telescopica-de-38-m-incl-sistema-laddertec\/","og_locale":"es_ES","og_type":"article","og_title":"Escalera telesc\u00f3pica de 3,8 m incl. sistema Laddertec - Leitertec","og_description":"El sistema Leitertec permite aspirar la escalera telesc\u00f3pica sobre superficies lisas, y la almohadilla de fieltro tambi\u00e9n protege las superficies rugosas.","og_url":"https:\/\/leitertec.com\/es\/produkt\/escalera-telescopica-de-38-m-incl-sistema-laddertec\/","og_site_name":"Leitertec","article_modified_time":"2026-02-12T20:41:19+00:00","og_image":[{"width":1151,"height":1442,"url":"https:\/\/leitertec.com\/wp-content\/uploads\/2023\/11\/38.jpg","type":"image\/jpeg"}],"twitter_card":"summary_large_image","twitter_misc":{"Tiempo de lectura":"3 minutos"},"schema":{"@context":"https:\/\/schema.org","@graph":[{"@type":"WebPage","@id":"https:\/\/leitertec.com\/es\/produkt\/escalera-telescopica-de-38-m-incl-sistema-laddertec\/","url":"https:\/\/leitertec.com\/es\/produkt\/escalera-telescopica-de-38-m-incl-sistema-laddertec\/","name":"Escalera telesc\u00f3pica de 3,8 m incl. sistema Laddertec - Leitertec","isPartOf":{"@id":"https:\/\/leitertec.com\/es\/#website"},"primaryImageOfPage":{"@id":"https:\/\/leitertec.com\/es\/produkt\/escalera-telescopica-de-38-m-incl-sistema-laddertec\/#primaryimage"},"image":{"@id":"https:\/\/leitertec.com\/es\/produkt\/escalera-telescopica-de-38-m-incl-sistema-laddertec\/#primaryimage"},"thumbnailUrl":"https:\/\/leitertec.com\/wp-content\/uploads\/2023\/11\/38.jpg","datePublished":"2023-11-10T21:05:12+00:00","dateModified":"2026-02-12T20:41:19+00:00","breadcrumb":{"@id":"https:\/\/leitertec.com\/es\/produkt\/escalera-telescopica-de-38-m-incl-sistema-laddertec\/#breadcrumb"},"inLanguage":"es","potentialAction":[{"@type":"ReadAction","target":["https:\/\/leitertec.com\/es\/produkt\/escalera-telescopica-de-38-m-incl-sistema-laddertec\/"]}]},{"@type":"ImageObject","inLanguage":"es","@id":"https:\/\/leitertec.com\/es\/produkt\/escalera-telescopica-de-38-m-incl-sistema-laddertec\/#primaryimage","url":"https:\/\/leitertec.com\/wp-content\/uploads\/2023\/11\/38.jpg","contentUrl":"https:\/\/leitertec.com\/wp-content\/uploads\/2023\/11\/38.jpg","width":1151,"height":1442},{"@type":"BreadcrumbList","@id":"https:\/\/leitertec.com\/es\/produkt\/escalera-telescopica-de-38-m-incl-sistema-laddertec\/#breadcrumb","itemListElement":[{"@type":"ListItem","position":1,"name":"Startseite","item":"https:\/\/leitertec.com\/es\/pagina-de-inicio\/"},{"@type":"ListItem","position":2,"name":"Tienda","item":"https:\/\/leitertec.com\/es\/tienda\/"},{"@type":"ListItem","position":3,"name":"Escalera telesc\u00f3pica de 3,8 m incl. sistema Laddertec"}]},{"@type":"WebSite","@id":"https:\/\/leitertec.com\/es\/#website","url":"https:\/\/leitertec.com\/es\/","name":"Leitertec","description":"","potentialAction":[{"@type":"SearchAction","target":{"@type":"EntryPoint","urlTemplate":"https:\/\/leitertec.com\/es\/?s={search_term_string}"},"query-input":{"@type":"PropertyValueSpecification","valueRequired":true,"valueName":"search_term_string"}}],"inLanguage":"es"}]}},"jetpack_sharing_enabled":true,"_links":{"self":[{"href":"https:\/\/leitertec.com\/es\/wp-json\/wp\/v2\/product\/37363","targetHints":{"allow":["GET"]}}],"collection":[{"href":"https:\/\/leitertec.com\/es\/wp-json\/wp\/v2\/product"}],"about":[{"href":"https:\/\/leitertec.com\/es\/wp-json\/wp\/v2\/types\/product"}],"replies":[{"embeddable":true,"href":"https:\/\/leitertec.com\/es\/wp-json\/wp\/v2\/comments?post=37363"}],"wp:featuredmedia":[{"embeddable":true,"href":"https:\/\/leitertec.com\/es\/wp-json\/wp\/v2\/media\/37334"}],"wp:attachment":[{"href":"https:\/\/leitertec.com\/es\/wp-json\/wp\/v2\/media?parent=37363"}],"wp:term":[{"taxonomy":"product_brand","embeddable":true,"href":"https:\/\/leitertec.com\/es\/wp-json\/wp\/v2\/product_brand?post=37363"},{"taxonomy":"product_cat","embeddable":true,"href":"https:\/\/leitertec.com\/es\/wp-json\/wp\/v2\/product_cat?post=37363"},{"taxonomy":"product_tag","embeddable":true,"href":"https:\/\/leitertec.com\/es\/wp-json\/wp\/v2\/product_tag?post=37363"}],"curies":[{"name":"wp","href":"https:\/\/api.w.org\/{rel}","templated":true}]}}