{"id":35615,"date":"2020-11-13T16:08:02","date_gmt":"2020-11-13T15:08:02","guid":{"rendered":"https:\/\/leitertec.com\/produkt\/almohadillas-de-fieltro-para-el-sistema-leitertec\/"},"modified":"2026-02-12T21:42:07","modified_gmt":"2026-02-12T20:42:07","slug":"almohadillas-de-fieltro-para-el-sistema-leitertec","status":"publish","type":"product","link":"https:\/\/leitertec.com\/es\/produkt\/almohadillas-de-fieltro-para-el-sistema-leitertec\/","title":{"rendered":"Almohadillas de fieltro para el sistema Leitertec"},"content":{"rendered":"<p>Las <strong>almohadillas de fieltro<\/strong> que se ofrecen aqu\u00ed son una extensi\u00f3n para el <em><strong>sistema Leitertec<\/strong><\/em>.<\/p>\n<p>Las almohadillas de fieltro est\u00e1n hechas de pl\u00e1stico por un lado y de fieltro por el otro.<\/p>\n<p>La cara de fieltro es suave con la superficie gracias a su consistencia blanda. La superficie de fieltro protege contra el deslizamiento en superficies rugosas. <\/p>\n<p>Las superficies de contacto de las almohadillas de goma est\u00e1n ligeramente ensanchadas por las almohadillas de fieltro. Por tanto, las superficies de goma est\u00e1n protegidas. As\u00ed se minimizan los posibles puntos de presi\u00f3n en superficies sensibles.  <\/p>\n<p>Las ventosas del <em><strong>sistema Leitertec<\/strong><\/em> aspiran las almohadillas de fieltro y, por tanto, se colocan en segundos.<\/p>\n<p>Las almohadillas de fieltro muy desgastadas pueden sustituirse f\u00e1cilmente.<\/p>\n","protected":false},"excerpt":{"rendered":"<p>Las almohadillas de fieltro se pueden aspirar en el sistema Leitertec y protegen la superficie de contacto gracias a la parte blanda de fieltro.<\/p>\n","protected":false},"featured_media":35620,"comment_status":"open","ping_status":"closed","template":"","meta":{"_monsterinsights_skip_tracking":false,"_monsterinsights_sitenote_active":false,"_monsterinsights_sitenote_note":"","_monsterinsights_sitenote_category":0},"product_brand":[],"product_cat":[149],"product_tag":[],"class_list":{"0":"post-35615","1":"product","2":"type-product","3":"status-publish","4":"has-post-thumbnail","6":"product_cat-accesorios","7":"product_shipping_class-1-kg-es","9":"first","10":"instock","11":"taxable","12":"shipping-taxable","13":"purchasable","14":"product-type-simple"},"yoast_head":"<!-- This site is optimized with the Yoast SEO plugin v27.4 - https:\/\/yoast.com\/product\/yoast-seo-wordpress\/ -->\n<title>Almohadillas de fieltro para el sistema Leitertec - Leitertec<\/title>\n<meta name=\"description\" content=\"Las almohadillas de fieltro se pueden aspirar en el sistema Leitertec y protegen la superficie de contacto gracias a la parte blanda de fieltro.\" \/>\n<meta name=\"robots\" content=\"index, follow, max-snippet:-1, max-image-preview:large, max-video-preview:-1\" \/>\n<link rel=\"canonical\" href=\"https:\/\/leitertec.com\/es\/produkt\/almohadillas-de-fieltro-para-el-sistema-leitertec\/\" \/>\n<meta property=\"og:locale\" content=\"es_ES\" \/>\n<meta property=\"og:type\" content=\"article\" \/>\n<meta property=\"og:title\" content=\"Almohadillas de fieltro para el sistema Leitertec - Leitertec\" \/>\n<meta property=\"og:description\" content=\"Las almohadillas de fieltro se pueden aspirar en el sistema Leitertec y protegen la superficie de contacto gracias a la parte blanda de fieltro.\" \/>\n<meta property=\"og:url\" content=\"https:\/\/leitertec.com\/es\/produkt\/almohadillas-de-fieltro-para-el-sistema-leitertec\/\" \/>\n<meta property=\"og:site_name\" content=\"Leitertec\" \/>\n<meta property=\"article:modified_time\" content=\"2026-02-12T20:42:07+00:00\" \/>\n<meta property=\"og:image\" content=\"https:\/\/leitertec.com\/wp-content\/uploads\/2020\/11\/Filz.jpg\" \/>\n\t<meta property=\"og:image:width\" content=\"750\" \/>\n\t<meta property=\"og:image:height\" content=\"946\" \/>\n\t<meta property=\"og:image:type\" content=\"image\/jpeg\" \/>\n<meta name=\"twitter:card\" content=\"summary_large_image\" \/>\n<meta name=\"twitter:label1\" content=\"Tiempo de lectura\" \/>\n\t<meta name=\"twitter:data1\" content=\"1 minuto\" \/>\n<script type=\"application\/ld+json\" class=\"yoast-schema-graph\">{\"@context\":\"https:\\\/\\\/schema.org\",\"@graph\":[{\"@type\":\"WebPage\",\"@id\":\"https:\\\/\\\/leitertec.com\\\/es\\\/produkt\\\/almohadillas-de-fieltro-para-el-sistema-leitertec\\\/\",\"url\":\"https:\\\/\\\/leitertec.com\\\/es\\\/produkt\\\/almohadillas-de-fieltro-para-el-sistema-leitertec\\\/\",\"name\":\"Almohadillas de fieltro para el sistema Leitertec - Leitertec\",\"isPartOf\":{\"@id\":\"https:\\\/\\\/leitertec.com\\\/es\\\/#website\"},\"primaryImageOfPage\":{\"@id\":\"https:\\\/\\\/leitertec.com\\\/es\\\/produkt\\\/almohadillas-de-fieltro-para-el-sistema-leitertec\\\/#primaryimage\"},\"image\":{\"@id\":\"https:\\\/\\\/leitertec.com\\\/es\\\/produkt\\\/almohadillas-de-fieltro-para-el-sistema-leitertec\\\/#primaryimage\"},\"thumbnailUrl\":\"https:\\\/\\\/leitertec.com\\\/wp-content\\\/uploads\\\/2020\\\/11\\\/Filz.jpg\",\"datePublished\":\"2020-11-13T15:08:02+00:00\",\"dateModified\":\"2026-02-12T20:42:07+00:00\",\"description\":\"Las almohadillas de fieltro se pueden aspirar en el sistema Leitertec y protegen la superficie de contacto gracias a la parte blanda de fieltro.\",\"breadcrumb\":{\"@id\":\"https:\\\/\\\/leitertec.com\\\/es\\\/produkt\\\/almohadillas-de-fieltro-para-el-sistema-leitertec\\\/#breadcrumb\"},\"inLanguage\":\"es\",\"potentialAction\":[{\"@type\":\"ReadAction\",\"target\":[\"https:\\\/\\\/leitertec.com\\\/es\\\/produkt\\\/almohadillas-de-fieltro-para-el-sistema-leitertec\\\/\"]}]},{\"@type\":\"ImageObject\",\"inLanguage\":\"es\",\"@id\":\"https:\\\/\\\/leitertec.com\\\/es\\\/produkt\\\/almohadillas-de-fieltro-para-el-sistema-leitertec\\\/#primaryimage\",\"url\":\"https:\\\/\\\/leitertec.com\\\/wp-content\\\/uploads\\\/2020\\\/11\\\/Filz.jpg\",\"contentUrl\":\"https:\\\/\\\/leitertec.com\\\/wp-content\\\/uploads\\\/2020\\\/11\\\/Filz.jpg\",\"width\":750,\"height\":946},{\"@type\":\"BreadcrumbList\",\"@id\":\"https:\\\/\\\/leitertec.com\\\/es\\\/produkt\\\/almohadillas-de-fieltro-para-el-sistema-leitertec\\\/#breadcrumb\",\"itemListElement\":[{\"@type\":\"ListItem\",\"position\":1,\"name\":\"Startseite\",\"item\":\"https:\\\/\\\/leitertec.com\\\/es\\\/pagina-de-inicio\\\/\"},{\"@type\":\"ListItem\",\"position\":2,\"name\":\"Tienda\",\"item\":\"https:\\\/\\\/leitertec.com\\\/es\\\/tienda\\\/\"},{\"@type\":\"ListItem\",\"position\":3,\"name\":\"Almohadillas de fieltro para el sistema Leitertec\"}]},{\"@type\":\"WebSite\",\"@id\":\"https:\\\/\\\/leitertec.com\\\/es\\\/#website\",\"url\":\"https:\\\/\\\/leitertec.com\\\/es\\\/\",\"name\":\"Leitertec\",\"description\":\"\",\"potentialAction\":[{\"@type\":\"SearchAction\",\"target\":{\"@type\":\"EntryPoint\",\"urlTemplate\":\"https:\\\/\\\/leitertec.com\\\/es\\\/?s={search_term_string}\"},\"query-input\":{\"@type\":\"PropertyValueSpecification\",\"valueRequired\":true,\"valueName\":\"search_term_string\"}}],\"inLanguage\":\"es\"}]}<\/script>\n<!-- \/ Yoast SEO plugin. -->","yoast_head_json":{"title":"Almohadillas de fieltro para el sistema Leitertec - Leitertec","description":"Las almohadillas de fieltro se pueden aspirar en el sistema Leitertec y protegen la superficie de contacto gracias a la parte blanda de fieltro.","robots":{"index":"index","follow":"follow","max-snippet":"max-snippet:-1","max-image-preview":"max-image-preview:large","max-video-preview":"max-video-preview:-1"},"canonical":"https:\/\/leitertec.com\/es\/produkt\/almohadillas-de-fieltro-para-el-sistema-leitertec\/","og_locale":"es_ES","og_type":"article","og_title":"Almohadillas de fieltro para el sistema Leitertec - Leitertec","og_description":"Las almohadillas de fieltro se pueden aspirar en el sistema Leitertec y protegen la superficie de contacto gracias a la parte blanda de fieltro.","og_url":"https:\/\/leitertec.com\/es\/produkt\/almohadillas-de-fieltro-para-el-sistema-leitertec\/","og_site_name":"Leitertec","article_modified_time":"2026-02-12T20:42:07+00:00","og_image":[{"width":750,"height":946,"url":"https:\/\/leitertec.com\/wp-content\/uploads\/2020\/11\/Filz.jpg","type":"image\/jpeg"}],"twitter_card":"summary_large_image","twitter_misc":{"Tiempo de lectura":"1 minuto"},"schema":{"@context":"https:\/\/schema.org","@graph":[{"@type":"WebPage","@id":"https:\/\/leitertec.com\/es\/produkt\/almohadillas-de-fieltro-para-el-sistema-leitertec\/","url":"https:\/\/leitertec.com\/es\/produkt\/almohadillas-de-fieltro-para-el-sistema-leitertec\/","name":"Almohadillas de fieltro para el sistema Leitertec - Leitertec","isPartOf":{"@id":"https:\/\/leitertec.com\/es\/#website"},"primaryImageOfPage":{"@id":"https:\/\/leitertec.com\/es\/produkt\/almohadillas-de-fieltro-para-el-sistema-leitertec\/#primaryimage"},"image":{"@id":"https:\/\/leitertec.com\/es\/produkt\/almohadillas-de-fieltro-para-el-sistema-leitertec\/#primaryimage"},"thumbnailUrl":"https:\/\/leitertec.com\/wp-content\/uploads\/2020\/11\/Filz.jpg","datePublished":"2020-11-13T15:08:02+00:00","dateModified":"2026-02-12T20:42:07+00:00","description":"Las almohadillas de fieltro se pueden aspirar en el sistema Leitertec y protegen la superficie de contacto gracias a la parte blanda de fieltro.","breadcrumb":{"@id":"https:\/\/leitertec.com\/es\/produkt\/almohadillas-de-fieltro-para-el-sistema-leitertec\/#breadcrumb"},"inLanguage":"es","potentialAction":[{"@type":"ReadAction","target":["https:\/\/leitertec.com\/es\/produkt\/almohadillas-de-fieltro-para-el-sistema-leitertec\/"]}]},{"@type":"ImageObject","inLanguage":"es","@id":"https:\/\/leitertec.com\/es\/produkt\/almohadillas-de-fieltro-para-el-sistema-leitertec\/#primaryimage","url":"https:\/\/leitertec.com\/wp-content\/uploads\/2020\/11\/Filz.jpg","contentUrl":"https:\/\/leitertec.com\/wp-content\/uploads\/2020\/11\/Filz.jpg","width":750,"height":946},{"@type":"BreadcrumbList","@id":"https:\/\/leitertec.com\/es\/produkt\/almohadillas-de-fieltro-para-el-sistema-leitertec\/#breadcrumb","itemListElement":[{"@type":"ListItem","position":1,"name":"Startseite","item":"https:\/\/leitertec.com\/es\/pagina-de-inicio\/"},{"@type":"ListItem","position":2,"name":"Tienda","item":"https:\/\/leitertec.com\/es\/tienda\/"},{"@type":"ListItem","position":3,"name":"Almohadillas de fieltro para el sistema Leitertec"}]},{"@type":"WebSite","@id":"https:\/\/leitertec.com\/es\/#website","url":"https:\/\/leitertec.com\/es\/","name":"Leitertec","description":"","potentialAction":[{"@type":"SearchAction","target":{"@type":"EntryPoint","urlTemplate":"https:\/\/leitertec.com\/es\/?s={search_term_string}"},"query-input":{"@type":"PropertyValueSpecification","valueRequired":true,"valueName":"search_term_string"}}],"inLanguage":"es"}]}},"jetpack_sharing_enabled":true,"_links":{"self":[{"href":"https:\/\/leitertec.com\/es\/wp-json\/wp\/v2\/product\/35615","targetHints":{"allow":["GET"]}}],"collection":[{"href":"https:\/\/leitertec.com\/es\/wp-json\/wp\/v2\/product"}],"about":[{"href":"https:\/\/leitertec.com\/es\/wp-json\/wp\/v2\/types\/product"}],"replies":[{"embeddable":true,"href":"https:\/\/leitertec.com\/es\/wp-json\/wp\/v2\/comments?post=35615"}],"wp:featuredmedia":[{"embeddable":true,"href":"https:\/\/leitertec.com\/es\/wp-json\/wp\/v2\/media\/35620"}],"wp:attachment":[{"href":"https:\/\/leitertec.com\/es\/wp-json\/wp\/v2\/media?parent=35615"}],"wp:term":[{"taxonomy":"product_brand","embeddable":true,"href":"https:\/\/leitertec.com\/es\/wp-json\/wp\/v2\/product_brand?post=35615"},{"taxonomy":"product_cat","embeddable":true,"href":"https:\/\/leitertec.com\/es\/wp-json\/wp\/v2\/product_cat?post=35615"},{"taxonomy":"product_tag","embeddable":true,"href":"https:\/\/leitertec.com\/es\/wp-json\/wp\/v2\/product_tag?post=35615"}],"curies":[{"name":"wp","href":"https:\/\/api.w.org\/{rel}","templated":true}]}}