{"id":35632,"date":"2021-06-26T20:19:39","date_gmt":"2021-06-26T18:19:39","guid":{"rendered":"https:\/\/leitertec.com\/formas-de-pago\/"},"modified":"2025-04-01T21:08:04","modified_gmt":"2025-04-01T19:08:04","slug":"formas-de-pago","status":"publish","type":"page","link":"https:\/\/leitertec.com\/es\/formas-de-pago\/","title":{"rendered":"Formas de pago"},"content":{"rendered":"\n<p><strong>Formas de pago<\/strong><\/p>\n<p>Ofrecemos los siguientes m\u00e9todos de pago. S\u00f3lo tienes que elegir el m\u00e9todo de pago que m\u00e1s te convenga. Los gastos de env\u00edo dependen en parte de la forma de pago seleccionada. Los precios indicados en las respectivas ofertas son precios finales. Incluyen todos los componentes del precio, incluidos los impuestos aplicables, como el IVA. S\u00f3lo en el caso de entregas transfronterizas puedes tener que pagar otros impuestos (por ejemplo, en el caso de una compra intracomunitaria) y\/o derechos (por ejemplo, derechos de aduana) en casos concretos, pero no al vendedor, sino a las autoridades aduaneras o fiscales all\u00ed competentes. Los gastos de entrega y env\u00edo en que se incurra no est\u00e1n incluidos en el precio de compra; pueden consultarse a trav\u00e9s de la p\u00e1gina \u00abGastos de env\u00edo\u00bb, se muestran por separado durante el proceso de pedido y corren por tu cuenta adicionalmente.      <\/p>\n<p><em>A cuenta<\/em><\/p>\n<p>S\u00f3lo tienes que pedirlo y pagarlo despu\u00e9s.<\/p>\n<p>Titular de la cuenta: Leitertec GmbH<br\/>N\u00famero de cuenta: 0082 4940 02<br\/>C\u00f3digo Sort: 6139 1410<br\/>Banco: Volksbank Welzheim eG<br\/>SWIFT: GENODES1WEL<br\/>IBAN: DE08 6139 1410 0082 4940 02<\/p>\n<p><em>PayPal<\/em><\/p>\n<p>Paga de forma a\u00fan m\u00e1s r\u00e1pida y segura con tu cuenta PayPal.<\/p>\n<p><em>Transferencia bancaria directa<\/em><\/p>\n<p>El importe se cargar\u00e1 autom\u00e1ticamente en tu cuenta mediante domiciliaci\u00f3n SEPA.<\/p>\n<p>La orden de domiciliaci\u00f3n SEPA se muestra en el proceso de pedido y debe confirmarse por separado.<\/p>\n<p> <\/p>\n\n","protected":false},"excerpt":{"rendered":"<p>Formas de pago Ofrecemos los siguientes m\u00e9todos de pago. S\u00f3lo tienes que elegir el m\u00e9todo de pago que m\u00e1s te convenga. Los gastos de env\u00edo dependen en parte de la forma de pago seleccionada. Los precios indicados en las respectivas ofertas son precios finales. Incluyen todos los componentes del precio, incluidos los impuestos aplicables, como [&#8230;]\n","protected":false},"author":2,"featured_media":0,"parent":0,"menu_order":0,"comment_status":"closed","ping_status":"closed","template":"","meta":{"_monsterinsights_skip_tracking":false,"_monsterinsights_sitenote_active":false,"_monsterinsights_sitenote_note":"","_monsterinsights_sitenote_category":0,"footnotes":""},"class_list":["post-35632","page","type-page","status-publish","hentry"],"yoast_head":"<!-- This site is optimized with the Yoast SEO plugin v27.4 - https:\/\/yoast.com\/product\/yoast-seo-wordpress\/ -->\n<title>Formas de pago - Leitertec<\/title>\n<meta name=\"robots\" content=\"index, follow, max-snippet:-1, max-image-preview:large, max-video-preview:-1\" \/>\n<link rel=\"canonical\" href=\"https:\/\/leitertec.com\/es\/formas-de-pago\/\" \/>\n<meta property=\"og:locale\" content=\"es_ES\" \/>\n<meta property=\"og:type\" content=\"article\" \/>\n<meta property=\"og:title\" content=\"Formas de pago - Leitertec\" \/>\n<meta property=\"og:description\" content=\"Formas de pago Ofrecemos los siguientes m\u00e9todos de pago. S\u00f3lo tienes que elegir el m\u00e9todo de pago que m\u00e1s te convenga. Los gastos de env\u00edo dependen en parte de la forma de pago seleccionada. Los precios indicados en las respectivas ofertas son precios finales. Incluyen todos los componentes del precio, incluidos los impuestos aplicables, como [...]\" \/>\n<meta property=\"og:url\" content=\"https:\/\/leitertec.com\/es\/formas-de-pago\/\" \/>\n<meta property=\"og:site_name\" content=\"Leitertec\" \/>\n<meta property=\"article:modified_time\" content=\"2025-04-01T19:08:04+00:00\" \/>\n<meta name=\"twitter:card\" content=\"summary_large_image\" \/>\n<meta name=\"twitter:label1\" content=\"Tiempo de lectura\" \/>\n\t<meta name=\"twitter:data1\" content=\"1 minuto\" \/>\n<script type=\"application\/ld+json\" class=\"yoast-schema-graph\">{\"@context\":\"https:\\\/\\\/schema.org\",\"@graph\":[{\"@type\":\"WebPage\",\"@id\":\"https:\\\/\\\/leitertec.com\\\/es\\\/formas-de-pago\\\/\",\"url\":\"https:\\\/\\\/leitertec.com\\\/es\\\/formas-de-pago\\\/\",\"name\":\"Formas de pago - Leitertec\",\"isPartOf\":{\"@id\":\"https:\\\/\\\/leitertec.com\\\/es\\\/#website\"},\"datePublished\":\"2021-06-26T18:19:39+00:00\",\"dateModified\":\"2025-04-01T19:08:04+00:00\",\"breadcrumb\":{\"@id\":\"https:\\\/\\\/leitertec.com\\\/es\\\/formas-de-pago\\\/#breadcrumb\"},\"inLanguage\":\"es\",\"potentialAction\":[{\"@type\":\"ReadAction\",\"target\":[\"https:\\\/\\\/leitertec.com\\\/es\\\/formas-de-pago\\\/\"]}]},{\"@type\":\"BreadcrumbList\",\"@id\":\"https:\\\/\\\/leitertec.com\\\/es\\\/formas-de-pago\\\/#breadcrumb\",\"itemListElement\":[{\"@type\":\"ListItem\",\"position\":1,\"name\":\"Startseite\",\"item\":\"https:\\\/\\\/leitertec.com\\\/es\\\/pagina-de-inicio\\\/\"},{\"@type\":\"ListItem\",\"position\":2,\"name\":\"Formas de pago\"}]},{\"@type\":\"WebSite\",\"@id\":\"https:\\\/\\\/leitertec.com\\\/es\\\/#website\",\"url\":\"https:\\\/\\\/leitertec.com\\\/es\\\/\",\"name\":\"Leitertec\",\"description\":\"\",\"potentialAction\":[{\"@type\":\"SearchAction\",\"target\":{\"@type\":\"EntryPoint\",\"urlTemplate\":\"https:\\\/\\\/leitertec.com\\\/es\\\/?s={search_term_string}\"},\"query-input\":{\"@type\":\"PropertyValueSpecification\",\"valueRequired\":true,\"valueName\":\"search_term_string\"}}],\"inLanguage\":\"es\"}]}<\/script>\n<!-- \/ Yoast SEO plugin. -->","yoast_head_json":{"title":"Formas de pago - Leitertec","robots":{"index":"index","follow":"follow","max-snippet":"max-snippet:-1","max-image-preview":"max-image-preview:large","max-video-preview":"max-video-preview:-1"},"canonical":"https:\/\/leitertec.com\/es\/formas-de-pago\/","og_locale":"es_ES","og_type":"article","og_title":"Formas de pago - Leitertec","og_description":"Formas de pago Ofrecemos los siguientes m\u00e9todos de pago. S\u00f3lo tienes que elegir el m\u00e9todo de pago que m\u00e1s te convenga. Los gastos de env\u00edo dependen en parte de la forma de pago seleccionada. Los precios indicados en las respectivas ofertas son precios finales. Incluyen todos los componentes del precio, incluidos los impuestos aplicables, como [...]","og_url":"https:\/\/leitertec.com\/es\/formas-de-pago\/","og_site_name":"Leitertec","article_modified_time":"2025-04-01T19:08:04+00:00","twitter_card":"summary_large_image","twitter_misc":{"Tiempo de lectura":"1 minuto"},"schema":{"@context":"https:\/\/schema.org","@graph":[{"@type":"WebPage","@id":"https:\/\/leitertec.com\/es\/formas-de-pago\/","url":"https:\/\/leitertec.com\/es\/formas-de-pago\/","name":"Formas de pago - Leitertec","isPartOf":{"@id":"https:\/\/leitertec.com\/es\/#website"},"datePublished":"2021-06-26T18:19:39+00:00","dateModified":"2025-04-01T19:08:04+00:00","breadcrumb":{"@id":"https:\/\/leitertec.com\/es\/formas-de-pago\/#breadcrumb"},"inLanguage":"es","potentialAction":[{"@type":"ReadAction","target":["https:\/\/leitertec.com\/es\/formas-de-pago\/"]}]},{"@type":"BreadcrumbList","@id":"https:\/\/leitertec.com\/es\/formas-de-pago\/#breadcrumb","itemListElement":[{"@type":"ListItem","position":1,"name":"Startseite","item":"https:\/\/leitertec.com\/es\/pagina-de-inicio\/"},{"@type":"ListItem","position":2,"name":"Formas de pago"}]},{"@type":"WebSite","@id":"https:\/\/leitertec.com\/es\/#website","url":"https:\/\/leitertec.com\/es\/","name":"Leitertec","description":"","potentialAction":[{"@type":"SearchAction","target":{"@type":"EntryPoint","urlTemplate":"https:\/\/leitertec.com\/es\/?s={search_term_string}"},"query-input":{"@type":"PropertyValueSpecification","valueRequired":true,"valueName":"search_term_string"}}],"inLanguage":"es"}]}},"jetpack_sharing_enabled":true,"_links":{"self":[{"href":"https:\/\/leitertec.com\/es\/wp-json\/wp\/v2\/pages\/35632","targetHints":{"allow":["GET"]}}],"collection":[{"href":"https:\/\/leitertec.com\/es\/wp-json\/wp\/v2\/pages"}],"about":[{"href":"https:\/\/leitertec.com\/es\/wp-json\/wp\/v2\/types\/page"}],"author":[{"embeddable":true,"href":"https:\/\/leitertec.com\/es\/wp-json\/wp\/v2\/users\/2"}],"replies":[{"embeddable":true,"href":"https:\/\/leitertec.com\/es\/wp-json\/wp\/v2\/comments?post=35632"}],"version-history":[{"count":1,"href":"https:\/\/leitertec.com\/es\/wp-json\/wp\/v2\/pages\/35632\/revisions"}],"predecessor-version":[{"id":35633,"href":"https:\/\/leitertec.com\/es\/wp-json\/wp\/v2\/pages\/35632\/revisions\/35633"}],"wp:attachment":[{"href":"https:\/\/leitertec.com\/es\/wp-json\/wp\/v2\/media?parent=35632"}],"curies":[{"name":"wp","href":"https:\/\/api.w.org\/{rel}","templated":true}]}}